{"id":7575,"date":"2026-01-18T20:15:07","date_gmt":"2026-01-19T00:15:07","guid":{"rendered":"https:\/\/pointseastcoastalinn.com\/?page_id=7575"},"modified":"2026-01-24T19:17:10","modified_gmt":"2026-01-24T23:17:10","slug":"2026-menu-dejeuner","status":"publish","type":"page","link":"https:\/\/pointseastcoastalinn.com\/fr\/2026-menu-dejeuner\/","title":{"rendered":"2026 Menu du d\u00eener"},"content":{"rendered":"\t\t<div data-elementor-type=\"wp-page\" data-elementor-id=\"7575\" class=\"elementor elementor-7575 elementor-7574\">\n\t\t\t\t<div class=\"elementor-element elementor-element-75deda8b e-con-full e-flex e-con e-parent\" data-id=\"75deda8b\" data-element_type=\"container\" data-e-type=\"container\">\n\t\t\t\t<div class=\"elementor-element elementor-element-5fcd6c5 elementor-widget elementor-widget-text-editor\" data-id=\"5fcd6c5\" data-element_type=\"widget\" data-e-type=\"widget\" data-widget_type=\"text-editor.default\">\n\t\t\t\t<div class=\"elementor-widget-container\">\n\t\t\t\t\t\t\t\t\t<h3>&nbsp;<\/h3>\n<h1><strong><u>Menu de la table d&rsquo;h\u00f4te<\/u><\/strong><\/h1>\n<p><\/p>\n<p>M\u00e9lange de l\u00e9gumes verts avec oignon rouge, tomate, concombre, myrtilles, poivrons jaunes,<\/p>\n<p>feta \u00e9miett\u00e9e et vinaigrette balsamique<\/p>\n<p><strong style=\"color: rgb(36, 35, 35); font-family: Charm, sans-serif; font-size: 1.3em; background-color: transparent;\"><br><\/strong><\/p>\n<p><strong style=\"color: rgb(36, 35, 35); font-family: Charm, sans-serif; font-size: 1.3em; background-color: transparent;\">Aiglefin frais au four<\/strong><\/p>\n<p><\/p>\n<p><\/p>\n<p>Tout droit venu du Julio&rsquo;s Seafood Market, de l&rsquo;aiglefin cuit dans du papier sulfuris\u00e9 avec du beurre,<\/p>\n<p>citron frais et herbes. Servi avec du riz et des l\u00e9gumes de saison <\/p>\n<p><\/p>\n<p><span style=\"text-decoration: underline;\"><em><strong><br><\/strong><\/em><\/span><\/p>\n<p><span style=\"text-decoration: underline;\"><em><strong>Ou<\/strong><\/em><\/span><\/p>\n<p><strong style=\"color: rgb(36, 35, 35); font-family: Charm, sans-serif; background-color: transparent; font-size: 1.3em;\"><br><\/strong><\/p>\n<p><strong style=\"color: rgb(36, 35, 35); font-family: Charm, sans-serif; background-color: transparent; font-size: 1.3em;\">Poulet \u00e0 la toscane<\/strong><br><\/p>\n<p><span style=\"background-color: transparent; color: var( --e-global-color-text ); font-family: var( --e-global-typography-text-font-family ), Sans-serif; font-size: var( --e-global-typography-text-font-size ); font-weight: var( --e-global-typography-text-font-weight );\"><br><\/span><\/p>\n<p><span style=\"background-color: transparent; color: var( --e-global-color-text ); font-family: var( --e-global-typography-text-font-family ), Sans-serif; font-size: var( --e-global-typography-text-font-size ); font-weight: var( --e-global-typography-text-font-weight );\">Escalope de poitrine de poulet saisie \u00e0 la po\u00eale, garnie d&rsquo;une sauce cr\u00e9meuse \u00e0 l&rsquo;origan<\/span><\/p>\n<p>r\u00e9duit avec des tomates cerises, des \u00e9pinards frais et des champignons.<\/p>\n<p>Servi avec du riz et des l\u00e9gumes de saison.<\/p>\n<p><span style=\"color: rgb(36, 35, 35); font-family: Charm, sans-serif; font-size: 1.3em; background-color: transparent;\"><br><\/span><\/p>\n<p><span style=\"color: rgb(36, 35, 35); font-family: Charm, sans-serif; font-size: 1.3em; background-color: transparent;\">Le choix de Sarah pour le dessert<\/span><\/p>\n<p>Faits maison tous les jours, toujours d\u00e9cadents, et accompagn\u00e9s de glace maison.<\/p>\n<p><br><\/p>\n<p><\/p>\n<p><strong>48,95 $ par personne<\/strong><\/p>\n<p><strong><br><\/strong><\/p>\t\t\t\t\t\t\t\t<\/div>\n\t\t\t\t<\/div>\n\t\t\t\t<div class=\"elementor-element elementor-element-3f0618f5 elementor-widget elementor-widget-text-editor\" data-id=\"3f0618f5\" data-element_type=\"widget\" data-e-type=\"widget\" data-widget_type=\"text-editor.default\">\n\t\t\t\t<div class=\"elementor-widget-container\">\n\t\t\t\t\t\t\t\t\t<h4><strong style=\"font-size: 1.3em; background-color: transparent;\"><u>Salade de saumon<\/u><\/strong><br><\/h4>\n<p><\/p>\n<p>Un lit de l\u00e9gumes verts m\u00e9lang\u00e9s, de quinoa, de haricots noirs et de patates douces,<\/p>\n<p><\/p>\n<p>betteraves fra\u00eeches, concombre, tomate, oignon rouge, poivrons, garnis de saumon local cuit au four<\/p>\n<p>avec du citron et de l&rsquo;aneth.&nbsp;  Servi avec une vinaigrette au citron de Dijon<\/p>\n<p><\/p>\n<p><strong>$21.95<\/strong><\/p>\n<p><\/p>\n<h2><strong><u>Burger maison fum\u00e9<\/u><\/strong><\/h2>\n<p><\/p>\n<p>B\u0153uf de l&rsquo;est de l&rsquo;\u00cele-du-Prince-\u00c9douard, fum\u00e9 sur place, garni de cheddar canadien fondu,<\/p>\n<p>champignons saut\u00e9s et servis sur un petit pain frais avec laitue, tomate, oignon et cornichons.&nbsp;<\/p>\n<p><\/p>\n<p><\/p>\n<p>Servi avec une salade d&rsquo;accompagnement ou une salade de pommes de terre de l&rsquo;\u00ce.-P.-\u00c9.<\/p>\n<p><\/p>\n<p><strong>$18.95<\/strong><\/p>\n<h2><strong><u>Pizza maison \u00e0 cro\u00fbte mince<\/u><\/strong><\/h2><h6><span style=\"font-size: 1.3em; background-color: transparent;\"><b>Le Sp\u00e9cial INN<\/b><\/span><\/h6>\n<p><\/p>\n<p>P\u00e2te fra\u00eeche maison, sauce tomate, bacon, pepperoni<\/p>\n<p><\/p>\n<p>Champignons, poivrons, olives et piments bananes.<\/p>\n<p><\/p>\n<p>Garni de fromage et de feta \u00e9miett\u00e9e et cuit au four chaud.<\/p>\n<p><b style=\"color: #242323; font-family: Charm, sans-serif; font-size: 1.3em; background-color: transparent;\">&nbsp;<\/b><\/p>\n<p><b style=\"color: #242323; font-family: Charm, sans-serif; font-size: 1.3em; background-color: transparent;\">V\u00c9G\u00c9TARIEN<\/b><\/p>\n<p><\/p>\n<p>P\u00e2te fra\u00eeche maison, sauce tomate, \u00e9pinards frais, tomates, champignons, poivrons, oignons, piments bananes et feta.<\/p>\n<p><\/p>\n<p>Garni de fromage et cuit au four chaud.<\/p>\n<p><br><\/p>\n<p><\/p>\n<p>&nbsp;  Taille individuelle <strong>$16<\/strong> &#8212; 8&Prime;, convient pour une ou deux personnes \u00e0 partager&nbsp;&nbsp;&nbsp;&nbsp;&nbsp;&nbsp;&nbsp;&nbsp;&nbsp;&nbsp;&nbsp;&nbsp;&nbsp;&nbsp;&nbsp;&nbsp;&nbsp;&nbsp;&nbsp;&nbsp;&nbsp;&nbsp;&nbsp;&nbsp;&nbsp;&nbsp;&nbsp;&nbsp;&nbsp;<\/p>\n<p><\/p>\n<p><\/p>\n<p><\/p>\n<p>&nbsp; &nbsp; &nbsp; &nbsp; &nbsp; &nbsp; &nbsp;  Grande taille <strong> 26 $<\/strong> &#8211; 14&Prime; convient pour 3 ou 4 invit\u00e9s, ou un couple, avec des restes pour le d\u00e9jeuner !&nbsp;<\/p>\n<p>&nbsp;&nbsp;<\/p>\n<p><\/p>\n<p><\/p>\n<p><\/p>\n<p><strong>Ajoutez une salade \u00e0 la pizza : 5<\/strong><\/p>\n<p><strong><\/strong><\/p>\n<p><strong>Dessert du jour 6,95<\/strong><\/p>\n<p><\/p>\n<p><em>Prix soumis \u00e0 la TVH<\/em><\/p>\n<p><\/p>\t\t\t\t\t\t\t\t<\/div>\n\t\t\t\t<\/div>\n\t\t<div class=\"elementor-element elementor-element-38d9e58 e-con-full e-flex e-con e-child\" data-id=\"38d9e58\" data-element_type=\"container\" data-e-type=\"container\">\n\t\t\t\t<\/div>\n\t\t\t\t<\/div>\n\t\t<div class=\"elementor-element elementor-element-08a3056 e-flex e-con-boxed e-con e-parent\" data-id=\"08a3056\" data-element_type=\"container\" data-e-type=\"container\">\n\t\t\t\t\t<div class=\"e-con-inner\">\n\t\t\t\t\t<\/div>\n\t\t\t\t<\/div>\n\t\t\t\t<\/div>\n\t\t","protected":false},"excerpt":{"rendered":"<p>&nbsp; Menu de la table d&rsquo;h\u00f4te M\u00e9lange de l\u00e9gumes verts avec oignon rouge, tomate, concombre, myrtilles, poivrons jaunes, feta \u00e9miett\u00e9e et vinaigrette balsamique Aiglefin frais au four Tout droit venu du Julio&rsquo;s Seafood Market, de l&rsquo;aiglefin cuit dans du papier sulfuris\u00e9 avec du beurre, citron frais et herbes. Servi avec du riz et des l\u00e9gumes [&hellip;]<\/p>\n","protected":false},"author":6,"featured_media":0,"parent":0,"menu_order":0,"comment_status":"closed","ping_status":"closed","template":"","meta":{"inline_featured_image":false,"footnotes":""},"class_list":["post-7575","page","type-page","status-publish","hentry"],"_links":{"self":[{"href":"https:\/\/pointseastcoastalinn.com\/fr\/wp-json\/wp\/v2\/pages\/7575","targetHints":{"allow":["GET"]}}],"collection":[{"href":"https:\/\/pointseastcoastalinn.com\/fr\/wp-json\/wp\/v2\/pages"}],"about":[{"href":"https:\/\/pointseastcoastalinn.com\/fr\/wp-json\/wp\/v2\/types\/page"}],"author":[{"embeddable":true,"href":"https:\/\/pointseastcoastalinn.com\/fr\/wp-json\/wp\/v2\/users\/6"}],"replies":[{"embeddable":true,"href":"https:\/\/pointseastcoastalinn.com\/fr\/wp-json\/wp\/v2\/comments?post=7575"}],"version-history":[{"count":5,"href":"https:\/\/pointseastcoastalinn.com\/fr\/wp-json\/wp\/v2\/pages\/7575\/revisions"}],"predecessor-version":[{"id":7638,"href":"https:\/\/pointseastcoastalinn.com\/fr\/wp-json\/wp\/v2\/pages\/7575\/revisions\/7638"}],"wp:attachment":[{"href":"https:\/\/pointseastcoastalinn.com\/fr\/wp-json\/wp\/v2\/media?parent=7575"}],"curies":[{"name":"wp","href":"https:\/\/api.w.org\/{rel}","templated":true}]}}