{"id":7357,"date":"2025-11-24T13:52:47","date_gmt":"2025-11-24T17:52:47","guid":{"rendered":"https:\/\/pointseastcoastalinn.com\/?page_id=7357"},"modified":"2025-12-05T12:49:14","modified_gmt":"2025-12-05T16:49:14","slug":"voir-et-faire-projet","status":"publish","type":"page","link":"https:\/\/pointseastcoastalinn.com\/fr\/voir-et-faire-projet\/","title":{"rendered":"Que voir et faire"},"content":{"rendered":"\t\t<div data-elementor-type=\"wp-page\" data-elementor-id=\"7357\" class=\"elementor elementor-7357 elementor-7356\">\n\t\t\t\t<div class=\"elementor-element elementor-element-805be9a e-flex e-con-boxed e-con e-parent\" data-id=\"805be9a\" data-element_type=\"container\" data-e-type=\"container\" data-settings=\"{&quot;background_background&quot;:&quot;classic&quot;}\">\n\t\t\t\t\t<div class=\"e-con-inner\">\n\t\t<div class=\"elementor-element elementor-element-5dbc109 e-con-full e-flex e-con e-child\" data-id=\"5dbc109\" data-element_type=\"container\" data-e-type=\"container\">\n\t\t\t\t<div class=\"elementor-element elementor-element-b73a359 elementor-widget elementor-widget-text-editor\" data-id=\"b73a359\" data-element_type=\"widget\" data-e-type=\"widget\" data-widget_type=\"text-editor.default\">\n\t\t\t\t<div class=\"elementor-widget-container\">\n\t\t\t\t\t\t\t\t\t<p>Les vacances consistent \u00e0 faire autant ou aussi peu que vous le souhaitez, et m\u00eame si nous vous invitons \u00e0 vous asseoir toute la journ\u00e9e sur la v\u00e9randa surplombant la baie, recroquevill\u00e9 avec un bon livre, il y a tellement \u00e0 faire \u00e0 proximit\u00e9, et partout sur cette belle \u00cele!<\/p><p>Nous \u00e9num\u00e9rons ici quelques attractions, mais nous vous encourageons \u00e0 visiter le site <a href=\"http:\/\/www.tourismpei.com\" target=\"_blank\" rel=\"noopener\">www.tourismpei.com<\/a><br>pour une liste compl\u00e8te et actualis\u00e9e d&rsquo;\u00e9v\u00e9nements et d&rsquo;informations touristiques, ou \u00e0 vous rendre au centre d&rsquo;information des visiteurs situ\u00e9 juste en bas de la route !<\/p>\t\t\t\t\t\t\t\t<\/div>\n\t\t\t\t<\/div>\n\t\t\t\t<\/div>\n\t\t<div class=\"elementor-element elementor-element-916e37d e-con-full e-flex e-con e-child\" data-id=\"916e37d\" data-element_type=\"container\" data-e-type=\"container\">\n\t\t\t\t<div class=\"elementor-element elementor-element-471cae7 elementor-widget elementor-widget-text-editor\" data-id=\"471cae7\" data-element_type=\"widget\" data-e-type=\"widget\" data-widget_type=\"text-editor.default\">\n\t\t\t\t<div class=\"elementor-widget-container\">\n\t\t\t\t\t\t\t\t\t<p>St Peter&rsquo;s Bay est un endroit magnifique pour arr\u00eater sur la route c\u00f4ti\u00e8re des Points Est. <a href=\"http:\/\/www.pointseastcoastaldrive.com\" target=\"_blank\" rel=\"noopener\">www.pointseastcoastaldrive.com<\/a><\/p><p>Saviez-vous que vous pouvez parcourir toute l&rsquo;\u00eele \u00e0 pied ? www.theislandwalk.ca L&rsquo;\u00cele-du-Prince-\u00c9douard poss\u00e8de un sentier p\u00e9destre de 700 km qui fait le tour de l&rsquo;\u00cele.<\/p><p><strong>Nous sommes situ\u00e9s au Map Point (waypoint) 20.<\/strong><\/p>\t\t\t\t\t\t\t\t<\/div>\n\t\t\t\t<\/div>\n\t\t\t\t<\/div>\n\t\t\t\t\t<\/div>\n\t\t\t\t<\/div>\n\t\t<div class=\"elementor-element elementor-element-42a7ff5 e-flex e-con-boxed e-con e-parent\" data-id=\"42a7ff5\" data-element_type=\"container\" data-e-type=\"container\">\n\t\t\t\t\t<div class=\"e-con-inner\">\n\t\t<div class=\"elementor-element elementor-element-31f5012 e-con-full e-flex e-con e-child\" data-id=\"31f5012\" data-element_type=\"container\" data-e-type=\"container\">\n\t\t\t\t<div class=\"elementor-element elementor-element-84e10b4 elementor-widget elementor-widget-heading\" data-id=\"84e10b4\" data-element_type=\"widget\" data-e-type=\"widget\" data-widget_type=\"heading.default\">\n\t\t\t\t<div class=\"elementor-widget-container\">\n\t\t\t\t\t<h2 class=\"elementor-heading-title elementor-size-default\">Une journ\u00e9e dans notre village<\/h2>\t\t\t\t<\/div>\n\t\t\t\t<\/div>\n\t\t\t\t<div class=\"elementor-element elementor-element-5285fbf elementor-widget elementor-widget-text-editor\" data-id=\"5285fbf\" data-element_type=\"widget\" data-e-type=\"widget\" data-widget_type=\"text-editor.default\">\n\t\t\t\t<div class=\"elementor-widget-container\">\n\t\t\t\t\t\t\t\t\t<p><span style=\"font-weight: 400;\"><strong>Peter&rsquo;s Landing Shops<\/strong> &#8211; une promenade de boutiques locales, avec des artisans de l&rsquo;\u00eele et des Maritimes, un chocolatier, un caf\u00e9, un march\u00e9 de fruits de mer et un bar \u00e0 hu\u00eetres, ainsi que de savoureuses glaces de l&rsquo;\u00eele !   Passez l&rsquo;apr\u00e8s-midi \u00e0 faire du kayak avec <strong>Bayside Recreation<\/strong>, \u00e0 marcher ou \u00e0 faire du v\u00e9lo le long du Sentier de la Conf\u00e9d\u00e9ration qui se trouve juste devant notre porte !  Louez un v\u00e9lo ou un v\u00e9lo \u00e9lectrique et empruntez le sentier d\u00e9di\u00e9 \u00e0 <strong>Greenwich, un parc national de l&rsquo;\u00cele-du-Prince-\u00c9douard.<\/strong> \u00c0 notre avis, Greenwich est un joyau de l&rsquo;\u00eele qu&rsquo;il ne faut pas manquer &#8211; beaucoup de nos clients nous disent que c&rsquo;est le point culminant de leur voyage !&nbsp; &nbsp; <\/span><\/p>\n<p><span style=\"font-weight: 400;\">Vous profiterez de sentiers pittoresques, d&rsquo;une promenade \u00e0 travers la for\u00eat menant \u00e0 une promenade flottante au-dessus d&rsquo;un marais salant, et d&rsquo;une ascension des dunes majestueuses jusqu&rsquo;\u00e0 LA belle plage !&nbsp;  A ne pas manquer !&nbsp;&nbsp;<\/span><\/p>\n<p><span style=\"font-weight: 400;\">Assistez \u00e0 un spectacle au <strong>Courthouse Theatre<\/strong> et, le vendredi soir, participez au Ceilidh local!<\/span><\/p>\t\t\t\t\t\t\t\t<\/div>\n\t\t\t\t<\/div>\n\t\t\t\t<\/div>\n\t\t<div class=\"elementor-element elementor-element-a4afc5a e-con-full e-flex e-con e-child\" data-id=\"a4afc5a\" data-element_type=\"container\" data-e-type=\"container\">\n\t\t<div class=\"elementor-element elementor-element-f7074c4 e-con-full e-flex e-con e-child\" data-id=\"f7074c4\" data-element_type=\"container\" data-e-type=\"container\">\n\t\t\t\t<div class=\"elementor-element elementor-element-2a57d79 elementor-widget elementor-widget-shortcode\" data-id=\"2a57d79\" data-element_type=\"widget\" data-e-type=\"widget\" data-widget_type=\"shortcode.default\">\n\t\t\t\t<div class=\"elementor-widget-container\">\n\t\t\t\t\t\t\t<div class=\"elementor-shortcode\">\n<style type=\"text\/css\">\n.ytp-gradient-top{display:none !important}\n.ytp-show-watch-later-title{display:none !important}\n.ytp-watch-later-button{display:none !important}\n.ytp-share-button{display:none !important}\n.sh_video_overlay{\n}\n#particles-js83702 .qcld_hero_content_area{\n\tposition:absolute;\n\twidth: 100%;\n\ttop:50%;\t\n\t\tz-index:9;\n}\n#particles-js83702 .slider-x-lead-title, #particles-js83702 .hero_slider_button, #particles-js83702 .slider-x-item-title{margin: 15px 0px;}\n#particles-js83702 .slider-x-lead-title{\n}\n#particles-js83702 .hero_slider_button{\n}\n#particles-js83702 .slider-x-item-title{\n}\n.slider-hero-prev, .slider-hero-next{\n}\n.slider-hero-prev:hover,.slider-hero-next:hover{\n}\n.qc-sliderX-bottom-slide{\n}\n.qc-sliderX-bottom-slide:hover{\n}\n.qc-sliderx-bottom-current{\n}\n#particles-js83702 canvas {\n\tposition:absolute;\n\t\tz-index:8;\n\t}\n#particles-js83702 > img{\n\tposition:absolute;\n\tz-index:1;\n}\n#particles-js83702{\n  width: 100%;\n  height: 100%;\n  overflow: hidden;\n  background-color: #4e56fc;\n  background-size: cover;\n  background-position: 50% 50%;\n  background-repeat: no-repeat;\n  z-index: 1;\n  position:relative;\n    max-width: unset !important;\n}\n#sunset {\n    position: absolute;\n    top: 0;\n    left: 0;\n    width: 100%;\n    height: 100%;\n    background: #294372 url('https:\/\/pointseastcoastalinn.com\/wp-content\/plugins\/slider-hero\/images\/sunset.jpg') center top no-repeat;\n    background-size: cover;\n    opacity: 0;\n    z-index: 1\n}\n.slider-x-lead-title83702{\n\/*position: absolute;\ntop: 79.35%;*\/\nleft: 0px;\nwidth: 100%;\n\tpadding: 0px 10% !important;\nbox-sizing: border-box;\n}\n.slider-x-item-title83702{\n\/*\nposition: absolute;\ntop: 79.75%;*\/\nleft: 0px;\nwidth: 100%;\nz-index:99 !important;\n\tpadding: 0px 10% !important;\nline-height: 40px;\nbox-sizing: border-box;\n}\n.slider-x-lead-title83702{\nfont-size: 40px !important;color: #d6d6d6 !important;text-align: center;\nline-height: 54px;\n}\n.hero_slider_btn83702{\n\t\/*\n\tposition:absolute;\n\ttop: 80%;*\/\n\tleft:0px;\n\twidth:100%;\n\tpadding: 0px 10%;\n\tbox-sizing: border-box;\n\tz-index: -1;\ntext-align: center;}\n.hero_slider_btn83702 a{\n\tz-index: 9;\n    position: relative;\n}\n.slider-x-item-title83702, .slider-x-item-title83702 > p, .slider-x-item-title83702 > *{\ncolor: #e8e8e8;font-size: 20px;line-height: 20px;text-align: center;line-height: 40px;padding: 0px;\n}\n@media only screen and (min-width: 320px) and (max-width: 767px){\n.qcld_hero_content_area h2{font-size:26px !important;line-height: 30px !important;}\n.qcld_hero_content_area > .slider-x-item-title > p{font-size: 16px !important;line-height:normal;}\t\n}\n<\/style>\n<div class=\"hero_preloader\" style=\"background: #fff;width: 100%;height: 300px;z-index: 999;position: relative;display: flex;justify-content: center !important;align-items: center;\">\n\t\t<div class=\"hero_loader\"><\/div>\n<\/div>\n<div id=\"particles-js83702\"  style=\"display:none;\" >\n\t\t\t\t\t\t\t\t<div class=\"qcld_hero_content_area\" data-bg-image=\"https:\/\/pointseastcoastalinn.com\/wp-content\/uploads\/2024\/07\/2025-26.jpg\" style=\"display:none;\">\n<style type=\"text\/css\">\n.slider-x-lead-title83702, .slider-x-lead-title83702 p, .slider-x-lead-title83702 h1, .slider-x-lead-title83702 h2, .slider-x-lead-title83702 h2, .slider-x-lead-title83702 span{\n\t\t}\n.slider-x-item-title83702, .slider-x-item-title83702 p,, .slider-x-item-title83702 h2, .slider-x-item-title83702 div{\n\t\t}\n<\/style>\n\t\t<h2 class=\"slider-x-lead-title slider-x-lead-title83702\">\n\t\t<\/h2>\n\t\t\t\t\t\t<div class=\"slider-x-item-title slider-x-item-title83702\">\n\t\t\t\t\t\t\t<p>\n\t\t\t\t\t\t\t\t\t\t\t\t\t\t<\/p>\n\t\t\t\t\t\t<\/div>\n\t\t<\/div> <!--End of hero Content Area-->\n\t\t\t\t\t\t\t\t\t<div class=\"qcld_hero_content_area\" data-bg-image=\"https:\/\/pointseastcoastalinn.com\/wp-content\/uploads\/2024\/07\/2025-27-scaled.jpg\" style=\"display:none;\">\n<style type=\"text\/css\">\n.slider-x-lead-title83702, .slider-x-lead-title83702 p, .slider-x-lead-title83702 h1, .slider-x-lead-title83702 h2, .slider-x-lead-title83702 h2, .slider-x-lead-title83702 span{\n\t\t}\n.slider-x-item-title83702, .slider-x-item-title83702 p,, .slider-x-item-title83702 h2, .slider-x-item-title83702 div{\n\t\t}\n<\/style>\n\t\t<h2 class=\"slider-x-lead-title slider-x-lead-title83702\">\n\t\t<\/h2>\n\t\t\t\t\t\t<div class=\"slider-x-item-title slider-x-item-title83702\">\n\t\t\t\t\t\t\t<p>\n\t\t\t\t\t\t\t\t\t\t\t\t\t\t<\/p>\n\t\t\t\t\t\t<\/div>\n\t\t<\/div> <!--End of hero Content Area-->\n\t\t\t\t\t\t\t\t\t<div class=\"qcld_hero_content_area\" data-bg-image=\"https:\/\/pointseastcoastalinn.com\/wp-content\/uploads\/2024\/07\/Greenwich-marsh-scaled.jpg\" style=\"display:none;\">\n<style type=\"text\/css\">\n.slider-x-lead-title83702, .slider-x-lead-title83702 p, .slider-x-lead-title83702 h1, .slider-x-lead-title83702 h2, .slider-x-lead-title83702 h2, .slider-x-lead-title83702 span{\n\t\t}\n.slider-x-item-title83702, .slider-x-item-title83702 p,, .slider-x-item-title83702 h2, .slider-x-item-title83702 div{\n\t\t}\n<\/style>\n\t\t<h2 class=\"slider-x-lead-title slider-x-lead-title83702\">\n\t\t<\/h2>\n\t\t\t\t\t\t<div class=\"slider-x-item-title slider-x-item-title83702\">\n\t\t\t\t\t\t\t<p>\n\t\t\t\t\t\t\t\t\t\t\t\t\t\t<\/p>\n\t\t\t\t\t\t<\/div>\n\t\t<\/div> <!--End of hero Content Area-->\n\t<script type=\"text\/javascript\">\nfunction heroCookie(cname, cvalue, exdays) {\n    var d = new Date();\n    d.setTime(d.getTime() + (exdays*24*60*60*1000));\n    var expires = \"expires=\"+ d.toUTCString();\n    document.cookie = cname + \"=\" + cvalue + \";\" + expires + \";path=\/\";\n}\nfunction heroisMobile(){\n\tvar isMobile = false; \/\/initiate as false\n\t\t\/\/ device detection\n\t\tif(\/(android|bb\\d+|meego).+mobile|avantgo|bada\\\/|blackberry|blazer|compal|elaine|fennec|hiptop|iemobile|ip(hone|od)|ipad|iris|kindle|Android|Silk|lge |maemo|midp|mmp|netfront|opera m(ob|in)i|palm( os)?|phone|p(ixi|re)\\\/|plucker|pocket|psp|series(4|6)0|symbian|treo|up\\.(browser|link)|vodafone|wap|windows (ce|phone)|xda|xiino\/i.test(navigator.userAgent) \n\t\t|| \/1207|6310|6590|3gso|4thp|50[1-6]i|770s|802s|a wa|abac|ac(er|oo|s\\-)|ai(ko|rn)|al(av|ca|co)|amoi|an(ex|ny|yw)|aptu|ar(ch|go)|as(te|us)|attw|au(di|\\-m|r |s )|avan|be(ck|ll|nq)|bi(lb|rd)|bl(ac|az)|br(e|v)w|bumb|bw\\-(n|u)|c55\\\/|capi|ccwa|cdm\\-|cell|chtm|cldc|cmd\\-|co(mp|nd)|craw|da(it|ll|ng)|dbte|dc\\-s|devi|dica|dmob|do(c|p)o|ds(12|\\-d)|el(49|ai)|em(l2|ul)|er(ic|k0)|esl8|ez([4-7]0|os|wa|ze)|fetc|fly(\\-|_)|g1 u|g560|gene|gf\\-5|g\\-mo|go(\\.w|od)|gr(ad|un)|haie|hcit|hd\\-(m|p|t)|hei\\-|hi(pt|ta)|hp( i|ip)|hs\\-c|ht(c(\\-| |_|a|g|p|s|t)|tp)|hu(aw|tc)|i\\-(20|go|ma)|i230|iac( |\\-|\\\/)|ibro|idea|ig01|ikom|im1k|inno|ipaq|iris|ja(t|v)a|jbro|jemu|jigs|kddi|keji|kgt( |\\\/)|klon|kpt |kwc\\-|kyo(c|k)|le(no|xi)|lg( g|\\\/(k|l|u)|50|54|\\-[a-w])|libw|lynx|m1\\-w|m3ga|m50\\\/|ma(te|ui|xo)|mc(01|21|ca)|m\\-cr|me(rc|ri)|mi(o8|oa|ts)|mmef|mo(01|02|bi|de|do|t(\\-| |o|v)|zz)|mt(50|p1|v )|mwbp|mywa|n10[0-2]|n20[2-3]|n30(0|2)|n50(0|2|5)|n7(0(0|1)|10)|ne((c|m)\\-|on|tf|wf|wg|wt)|nok(6|i)|nzph|o2im|op(ti|wv)|oran|owg1|p800|pan(a|d|t)|pdxg|pg(13|\\-([1-8]|c))|phil|pire|pl(ay|uc)|pn\\-2|po(ck|rt|se)|prox|psio|pt\\-g|qa\\-a|qc(07|12|21|32|60|\\-[2-7]|i\\-)|qtek|r380|r600|raks|rim9|ro(ve|zo)|s55\\\/|sa(ge|ma|mm|ms|ny|va)|sc(01|h\\-|oo|p\\-)|sdk\\\/|se(c(\\-|0|1)|47|mc|nd|ri)|sgh\\-|shar|sie(\\-|m)|sk\\-0|sl(45|id)|sm(al|ar|b3|it|t5)|so(ft|ny)|sp(01|h\\-|v\\-|v )|sy(01|mb)|t2(18|50)|t6(00|10|18)|ta(gt|lk)|tcl\\-|tdg\\-|tel(i|m)|tim\\-|t\\-mo|to(pl|sh)|ts(70|m\\-|m3|m5)|tx\\-9|up(\\.b|g1|si)|utst|v400|v750|veri|vi(rg|te)|vk(40|5[0-3]|\\-v)|vm40|voda|vulc|vx(52|53|60|61|70|80|81|83|85|98)|w3c(\\-| )|webc|whit|wi(g |nc|nw)|wmlb|wonu|x700|yas\\-|your|zeto|zte\\-\/i.test(navigator.userAgent.substr(0,4))) isMobile = true;\n\treturn isMobile;\n}\nfunction getOffset1( el ) {\n    var _x = 0;\n    var _y = 0;\n    while( el && !isNaN( el.offsetLeft ) && !isNaN( el.offsetTop ) ) {\n        _x += el.offsetLeft - el.scrollLeft;\n        _y += el.offsetTop - el.scrollTop;\n        el = el.offsetParent;\n    }\n\t_x = parseInt(_x) + parseInt(jQuery('#particles-js83702').parent().css('padding-left'));\n    return { top: _y, left: _x };\n}\n  jQuery(document).ready(function($){\n    \/\/jQuery(window).on( 'load', function(){\n\t\t\t\t   jQuery('.hero_preloader').remove();\n\t   \t   jQuery('#particles-js83702').show();\n\t   jQuery('#particles-js83702 canvas').width(jQuery('#particles-js83702').width());\n\t   \t\t\tjQuery('#particles-js83702 .qcld_hero_content_area:visible').css('margin-top','-'+Math.round(jQuery('#particles-js83702 .qcld_hero_content_area:visible').height()\/2)+'px');\n\t\tvar maindivcontainer = jQuery('#particles-js83702');\n\t\tif(jQuery(window).width() < 767){\n\t\t\tmaindivcontainer.find('.qcld_hero_content_area:visible').css('margin-top','-'+Math.round(maindivcontainer.find('.qcld_hero_content_area:visible').height()\/2)+'px');\n\t\t}\n});\njQuery(document).ready(function($){\n\t    $.fn.sliderX.defaults = {\n\t\tsliderWidth:800,\n\t\tsliderHeight:620,\n        pauseTime: 3000,\n\t\tpaddingTime: 500,\n        startSlide: 0,\n\t\ttitlePositionTop:'0%',\n\t\ttitlePositionLeft:'0%',\n\t\tdescPositionTop:'0%',\n\t\tdescPositionLeft:'0%',\n\t\t\/\/titleTextAnimation:'pulse',\n\t\ttitleTextColor:'#d6d6d6',\n\t\tdescriptionTextColor:'#e8e8e8',\n\t\ttitleFontSize:'40',\n\t\tarrowClass: 'arrow-circle',\n\t\tdescriptionFontSize:'20',\n\t\t\t\tfullWidth:false,\n\t\t\t\t\t\tfullScreen:false,\n\t\t\t\t\t\tScreenauto:true,\n\t\t\t\t\tslideStart: true,\n\t\t\t\t\tdirectionCon:true,\n\t\t\t\t\tbottomCon:true,\n\t\t\t\t\t\t\tarrow_style: 'default',\n\t\t\t\t\t\t\t\trandomslide: false,\n\t\tprevSlideText:'Previous',\n\t\tnextSlideText:'Next',\n\t\ttitleAnimation: 'bounceInLeft',\n\t\ttitleoutAnimation: '',\n\t\tdesAnimation: 'bounceInRight',\n\t\tdesoutAnimation: '',\n\t\tlfxtitlein:'',\n\t\tlfxtitleout:'',\n\t\tlfxdesin:'',\n\t\tlfxdesout:'',\n\t\tbuttonAnimation: 'normal',\n\t\tbuttonoutAnimation: '',\n\t\tredirecturl: '',\n\t\tredirectdelay: '',\n\t\tcontentposition: 'center',\n\t\tbgtransition: 'fade',\n    bgtransitionreverse: 'fade',\n    fullscreenmobile: '0',\n\t\t\t\t\t\trepeat: false,\n\t\t\t\t\t\tsliderestart: true,\n\t\t\t\t\t\t\t\t\t\tsliderpause: true,\n\t\tmainId: 'particles-js83702',\n\t\tsid: '83702',\n\t\tslidertype: 'no_effect',\n        beforeChange: function(){\n\t\t\t\/\/alert(\"i am changing..\");\n\t\t}\n    };   \n    function firesliderx(){\n\t\tjQuery('#particles-js83702').sliderX();\n\t}\n\t\t\tif(jQuery('.second_div_hero').length<1)\n\t\t\tfiresliderx();\n$(window).resize(function() {\n\tsetTimeout(function(){\n\t\tif(jQuery(window).width()<767){\n\t\t\tvar maindivcontainer = $('#particles-js83702');\n\t\t\tvar present_slide = maindivcontainer.find('.qcld_hero_content_area:visible');\n\t\t\t\/\/present_slide.css('height',maindivcontainer.height()+'px');\n\t\t}\n\t}, 500);\n});\n$('body').css({\n\t'overflow-x':'hidden',\n});\n});\nvar mainId = 'particles-js83702';\nvar no_effect_mainId = 'particles-js83702';\n<\/script>\n<\/div>\n<div style=\"background-image:url(https:\/\/pointseastcoastalinn.com\/wp-content\/uploads\/2024\/07\/2025-26.jpg);position:absolute;left:-999px;width:2px;height:2px;z-index:-999\"><\/div><div style=\"background-image:url(https:\/\/pointseastcoastalinn.com\/wp-content\/uploads\/2024\/07\/2025-27-scaled.jpg);position:absolute;left:-999px;width:2px;height:2px;z-index:-999\"><\/div><div style=\"background-image:url(https:\/\/pointseastcoastalinn.com\/wp-content\/uploads\/2024\/07\/Greenwich-marsh-scaled.jpg);position:absolute;left:-999px;width:2px;height:2px;z-index:-999\"><\/div>\n<style type=\"text\/css\">\n<\/style>\n<\/div>\n\t\t\t\t\t\t<\/div>\n\t\t\t\t<\/div>\n\t\t\t\t<\/div>\n\t\t\t\t<\/div>\n\t\t\t\t\t<\/div>\n\t\t\t\t<\/div>\n\t\t<div class=\"elementor-element elementor-element-fb6d643 e-flex e-con-boxed e-con e-parent\" data-id=\"fb6d643\" data-element_type=\"container\" data-e-type=\"container\">\n\t\t\t\t\t<div class=\"e-con-inner\">\n\t\t<div class=\"elementor-element elementor-element-17af690 e-con-full e-flex e-con e-child\" data-id=\"17af690\" data-element_type=\"container\" data-e-type=\"container\">\n\t\t<div class=\"elementor-element elementor-element-c497b67 e-flex e-con-boxed e-con e-child\" data-id=\"c497b67\" data-element_type=\"container\" data-e-type=\"container\" data-settings=\"{&quot;background_background&quot;:&quot;classic&quot;}\">\n\t\t\t\t\t<div class=\"e-con-inner\">\n\t\t\t\t\t<\/div>\n\t\t\t\t<\/div>\n\t\t\t\t<\/div>\n\t\t<div class=\"elementor-element elementor-element-24d9544 e-con-full e-flex e-con e-child\" data-id=\"24d9544\" data-element_type=\"container\" data-e-type=\"container\">\n\t\t\t\t<div class=\"elementor-element elementor-element-78933b4 elementor-widget elementor-widget-heading\" data-id=\"78933b4\" data-element_type=\"widget\" data-e-type=\"widget\" data-widget_type=\"heading.default\">\n\t\t\t\t<div class=\"elementor-widget-container\">\n\t\t\t\t\t<h2 class=\"elementor-heading-title elementor-size-default\">A seulment douze minutes du golf !<\/h2>\t\t\t\t<\/div>\n\t\t\t\t<\/div>\n\t\t\t\t<div class=\"elementor-element elementor-element-e946136 elementor-widget elementor-widget-text-editor\" data-id=\"e946136\" data-element_type=\"widget\" data-e-type=\"widget\" data-widget_type=\"text-editor.default\">\n\t\t\t\t<div class=\"elementor-widget-container\">\n\t\t\t\t\t\t\t\t\t<p>Si vous \u00eates un golfeur, bienvenue au paradis &#8211; l&rsquo;<strong>\u00cele-du-Prince-\u00c9douard<\/strong> est la destination de golf no 1 au Canada ! <\/p><p>Le Links at <strong>Crowbush Cove<\/strong> est le plus proche de notre porte, \u00e0 seulement 12 minutes de route.<\/p><p>Brudenell River, Dundarave, Avondale, et Belfast Highland Greens sont tous \u00e0 moins d&rsquo;une heure.<\/p>\t\t\t\t\t\t\t\t<\/div>\n\t\t\t\t<\/div>\n\t\t\t\t<\/div>\n\t\t\t\t\t<\/div>\n\t\t\t\t<\/div>\n\t\t\t\t<\/div>\n\t\t","protected":false},"excerpt":{"rendered":"<p>Les vacances consistent \u00e0 faire autant ou aussi peu que vous le souhaitez, et m\u00eame si nous vous invitons \u00e0 vous asseoir toute la journ\u00e9e sur la v\u00e9randa surplombant la baie, recroquevill\u00e9 avec un bon livre, il y a tellement \u00e0 faire \u00e0 proximit\u00e9, et partout sur cette belle \u00cele! Nous \u00e9num\u00e9rons ici quelques attractions, [&hellip;]<\/p>\n","protected":false},"author":78,"featured_media":0,"parent":0,"menu_order":0,"comment_status":"closed","ping_status":"closed","template":"template-full-width.php","meta":{"inline_featured_image":false,"footnotes":""},"class_list":["post-7357","page","type-page","status-publish","hentry"],"_links":{"self":[{"href":"https:\/\/pointseastcoastalinn.com\/fr\/wp-json\/wp\/v2\/pages\/7357","targetHints":{"allow":["GET"]}}],"collection":[{"href":"https:\/\/pointseastcoastalinn.com\/fr\/wp-json\/wp\/v2\/pages"}],"about":[{"href":"https:\/\/pointseastcoastalinn.com\/fr\/wp-json\/wp\/v2\/types\/page"}],"author":[{"embeddable":true,"href":"https:\/\/pointseastcoastalinn.com\/fr\/wp-json\/wp\/v2\/users\/78"}],"replies":[{"embeddable":true,"href":"https:\/\/pointseastcoastalinn.com\/fr\/wp-json\/wp\/v2\/comments?post=7357"}],"version-history":[{"count":6,"href":"https:\/\/pointseastcoastalinn.com\/fr\/wp-json\/wp\/v2\/pages\/7357\/revisions"}],"predecessor-version":[{"id":7506,"href":"https:\/\/pointseastcoastalinn.com\/fr\/wp-json\/wp\/v2\/pages\/7357\/revisions\/7506"}],"wp:attachment":[{"href":"https:\/\/pointseastcoastalinn.com\/fr\/wp-json\/wp\/v2\/media?parent=7357"}],"curies":[{"name":"wp","href":"https:\/\/api.w.org\/{rel}","templated":true}]}}