{"id":7340,"date":"2025-12-03T12:58:13","date_gmt":"2025-12-03T16:58:13","guid":{"rendered":"https:\/\/pointseastcoastalinn.com\/?page_id=7340"},"modified":"2026-01-18T20:19:53","modified_gmt":"2026-01-19T00:19:53","slug":"restaurant-de-lauberge","status":"publish","type":"page","link":"https:\/\/pointseastcoastalinn.com\/fr\/restaurant-de-lauberge\/","title":{"rendered":"Restaurant de l&rsquo;auberge"},"content":{"rendered":"\t\t<div data-elementor-type=\"wp-page\" data-elementor-id=\"7340\" class=\"elementor elementor-7340 elementor-7339\">\n\t\t\t\t<div class=\"elementor-element elementor-element-8decbe0 e-flex e-con-boxed e-con e-parent\" data-id=\"8decbe0\" data-element_type=\"container\" data-e-type=\"container\">\n\t\t\t\t\t<div class=\"e-con-inner\">\n\t\t\t\t<div class=\"elementor-element elementor-element-f6176a1 elementor-widget elementor-widget-heading\" data-id=\"f6176a1\" data-element_type=\"widget\" data-e-type=\"widget\" data-widget_type=\"heading.default\">\n\t\t\t\t<div class=\"elementor-widget-container\">\n\t\t\t\t\t<h2 class=\"elementor-heading-title elementor-size-default\">Petit-d\u00e9jeuner<\/h2>\t\t\t\t<\/div>\n\t\t\t\t<\/div>\n\t\t\t\t<div class=\"elementor-element elementor-element-14d22c9 elementor-widget elementor-widget-text-editor\" data-id=\"14d22c9\" data-element_type=\"widget\" data-e-type=\"widget\" data-widget_type=\"text-editor.default\">\n\t\t\t\t<div class=\"elementor-widget-container\">\n\t\t\t\t\t\t\t\t\t<p><span style=\"font-weight: 400;\">Le tarif de nos chambres comprend un petit-d\u00e9jeuner gastronomique ! Nous commencerons par vous proposer des fruits frais et des yaourts, des p\u00e2tisseries, puis nous vous offrirons un menu vari\u00e9 !<\/span><\/p><p><span style=\"font-weight: 400;\">Les clients appr\u00e9cient beaucoup nos \u0153ufs au portobello, mais si vous pr\u00e9f\u00e9rez les cr\u00eapes ou le bon vieux bacon et les \u0153ufs le matin, nous les proposons \u00e9galement (et bien d&rsquo;autres choses encore) !<\/span><\/p><p><span style=\"font-weight: 400;\"><strong>Servi de 7h \u00e0 9h30<\/strong>, dans la salle de petit-d\u00e9jeuner ou sur la v\u00e9randa &#8211; notre pr\u00e9f\u00e9r\u00e9 &#8211; vous comprendrez pourquoi !<\/span><\/p><p><em><span style=\"font-weight: 400;\">Des restrictions alimentaires (sans gluten, intol\u00e9rance au lactose, v\u00e9g\u00e9tarien,v\u00e9g\u00e9tarlien, allergies sp\u00e9cifiques) peuvent \u00eatre prises en compte, &#8211; un pr\u00e9avis est appr\u00e9ci\u00e9.<\/span><\/em><\/p>\t\t\t\t\t\t\t\t<\/div>\n\t\t\t\t<\/div>\n\t\t\t\t<div class=\"elementor-element elementor-element-70bbba1 elementor-align-center elementor-widget elementor-widget-button\" data-id=\"70bbba1\" data-element_type=\"widget\" data-e-type=\"widget\" data-widget_type=\"button.default\">\n\t\t\t\t<div class=\"elementor-widget-container\">\n\t\t\t\t\t\t\t\t\t<div class=\"elementor-button-wrapper\">\n\t\t\t\t\t<a class=\"elementor-button elementor-button-link elementor-size-sm\" href=\"https:\/\/pointseastcoastalinn.com\/fr\/2025-menu-du-petit-dejeuner\/\">\n\t\t\t\t\t\t<span class=\"elementor-button-content-wrapper\">\n\t\t\t\t\t\t\t\t\t<span class=\"elementor-button-text\">Cliquez ici pour notre menu petit-d\u00e9jeuner 2026<\/span>\n\t\t\t\t\t<\/span>\n\t\t\t\t\t<\/a>\n\t\t\t\t<\/div>\n\t\t\t\t\t\t\t\t<\/div>\n\t\t\t\t<\/div>\n\t\t\t\t<div class=\"elementor-element elementor-element-0bd05fa elementor-widget elementor-widget-spacer\" data-id=\"0bd05fa\" data-element_type=\"widget\" data-e-type=\"widget\" data-widget_type=\"spacer.default\">\n\t\t\t\t<div class=\"elementor-widget-container\">\n\t\t\t\t\t\t\t<div class=\"elementor-spacer\">\n\t\t\t<div class=\"elementor-spacer-inner\"><\/div>\n\t\t<\/div>\n\t\t\t\t\t\t<\/div>\n\t\t\t\t<\/div>\n\t\t\t\t\t<\/div>\n\t\t\t\t<\/div>\n\t\t<div class=\"elementor-element elementor-element-52d8c6a e-flex e-con-boxed e-con e-parent\" data-id=\"52d8c6a\" data-element_type=\"container\" data-e-type=\"container\">\n\t\t\t\t\t<div class=\"e-con-inner\">\n\t\t\t\t<div class=\"elementor-element elementor-element-e5a498c elementor-widget elementor-widget-heading\" data-id=\"e5a498c\" data-element_type=\"widget\" data-e-type=\"widget\" data-widget_type=\"heading.default\">\n\t\t\t\t<div class=\"elementor-widget-container\">\n\t\t\t\t\t<h2 class=\"elementor-heading-title elementor-size-default\">D\u00eener du soir<\/h2>\t\t\t\t<\/div>\n\t\t\t\t<\/div>\n\t\t\t\t<div class=\"elementor-element elementor-element-90b56c4 elementor-widget elementor-widget-text-editor\" data-id=\"90b56c4\" data-element_type=\"widget\" data-e-type=\"widget\" data-widget_type=\"text-editor.default\">\n\t\t\t\t<div class=\"elementor-widget-container\">\n\t\t\t\t\t\t\t\t\t<p><span style=\"font-weight: 400;\">D\u00eener \u00e0 l&rsquo;auberge est une exp\u00e9rience qui rapproche les gens. Chaque soir, notre table commune accueille des invit\u00e9s du monde entier. Qu&rsquo;il s&rsquo;agisse d&rsquo;un randonneur solitaire, d&rsquo;un groupe de cyclistes ou d&rsquo;un couple \u00e0 la d\u00e9couverte de l&rsquo;\u00eele, les conversations vont bon train et les r\u00e9cits de voyage et les moments forts de la journ\u00e9e s&rsquo;\u00e9changent.  <\/span><\/p><p><span style=\"font-weight: 400;\">Les bons repas se d\u00e9gustent mieux ensemble !<\/span><\/p><p><span style=\"font-weight: 400;\"><em>\u00ab\u00a0Nous avons fait une halte lors de notre voyage \u00e0 v\u00e9lo dans cette belle maison historique r\u00e9cemment r\u00e9nov\u00e9e et nous ne pouvons pas dire assez de bien de l&rsquo;auberge et des h\u00f4tes, Rodger et Sarah. La nourriture \u00e9tait d\u00e9licieuse et nous avons ador\u00e9 l&rsquo;id\u00e9e de partager une grande table avec les autres invit\u00e9s pour le d\u00eener, ce qui a permis des conversations int\u00e9ressantes et le partage d&rsquo;exp\u00e9riences.\u00a0\u00bb &#8211; Barb, septembre 2025<\/em><\/span><\/p><p><span style=\"font-weight: 400;\">Les d\u00eeners doivent \u00eatre command\u00e9s \u00e0 l&rsquo;avance <\/span><b>doivent \u00eatre command\u00e9s \u00e0 l&rsquo;avance avant 15h30 chaque jour.<\/b><span style=\"font-weight: 400;\">afin de permettre \u00e0 notre \u00e9quipe de cuisine de pr\u00e9parer chaque plat avec soin. <\/span><b>Le d\u00eener est servi \u00e0 18 h 30.<\/b><\/p>\t\t\t\t\t\t\t\t<\/div>\n\t\t\t\t<\/div>\n\t\t\t\t<div class=\"elementor-element elementor-element-f7b24f0 elementor-align-center elementor-widget elementor-widget-button\" data-id=\"f7b24f0\" data-element_type=\"widget\" data-e-type=\"widget\" data-widget_type=\"button.default\">\n\t\t\t\t<div class=\"elementor-widget-container\">\n\t\t\t\t\t\t\t\t\t<div class=\"elementor-button-wrapper\">\n\t\t\t\t\t<a class=\"elementor-button elementor-button-link elementor-size-sm\" href=\"https:\/\/pointseastcoastalinn.com\/fr\/2026-menu-dejeuner\/\">\n\t\t\t\t\t\t<span class=\"elementor-button-content-wrapper\">\n\t\t\t\t\t\t\t\t\t<span class=\"elementor-button-text\">Cliquez ici pour notre menu du d\u00eener du soir 2026<\/span>\n\t\t\t\t\t<\/span>\n\t\t\t\t\t<\/a>\n\t\t\t\t<\/div>\n\t\t\t\t\t\t\t\t<\/div>\n\t\t\t\t<\/div>\n\t\t\t\t<div class=\"elementor-element elementor-element-8ded43d elementor-widget elementor-widget-spacer\" data-id=\"8ded43d\" data-element_type=\"widget\" data-e-type=\"widget\" data-widget_type=\"spacer.default\">\n\t\t\t\t<div class=\"elementor-widget-container\">\n\t\t\t\t\t\t\t<div class=\"elementor-spacer\">\n\t\t\t<div class=\"elementor-spacer-inner\"><\/div>\n\t\t<\/div>\n\t\t\t\t\t\t<\/div>\n\t\t\t\t<\/div>\n\t\t\t\t\t<\/div>\n\t\t\t\t<\/div>\n\t\t<div class=\"elementor-element elementor-element-9e8baf8 e-flex e-con-boxed e-con e-parent\" data-id=\"9e8baf8\" data-element_type=\"container\" data-e-type=\"container\">\n\t\t\t\t\t<div class=\"e-con-inner\">\n\t\t\t\t<div class=\"elementor-element elementor-element-34f49ef elementor-widget elementor-widget-heading\" data-id=\"34f49ef\" data-element_type=\"widget\" data-e-type=\"widget\" data-widget_type=\"heading.default\">\n\t\t\t\t<div class=\"elementor-widget-container\">\n\t\t\t\t\t<h2 class=\"elementor-heading-title elementor-size-default\">D\u00e9jeuners \u00e0 emporter<\/h2>\t\t\t\t<\/div>\n\t\t\t\t<\/div>\n\t\t\t\t<div class=\"elementor-element elementor-element-70df25b elementor-widget elementor-widget-text-editor\" data-id=\"70df25b\" data-element_type=\"widget\" data-e-type=\"widget\" data-widget_type=\"text-editor.default\">\n\t\t\t\t<div class=\"elementor-widget-container\">\n\t\t\t\t\t\t\t\t\t<p><span style=\"font-weight: 400;\">Besoin d&rsquo;un d\u00e9jeuner \u00e0 emporter ? Sandwichs sur focaccia maison, salades et p\u00e2tisseries ! Passez votre commande \u00e0 partir de notre menu \u00ab\u00a0pack a lunch\u00a0\u00bb apr\u00e8s votre arriv\u00e9e et nous aurons des plats pr\u00e9par\u00e9s pour vous le lendemain matin !  <strong>Les d\u00e9jeuners doivent \u00eatre command\u00e9s \u00e0 l&rsquo;avance avant 15h30 chaque jour.<\/strong><\/span><\/p>\t\t\t\t\t\t\t\t<\/div>\n\t\t\t\t<\/div>\n\t\t\t\t<div class=\"elementor-element elementor-element-900105a elementor-align-center elementor-widget elementor-widget-button\" data-id=\"900105a\" data-element_type=\"widget\" data-e-type=\"widget\" data-widget_type=\"button.default\">\n\t\t\t\t<div class=\"elementor-widget-container\">\n\t\t\t\t\t\t\t\t\t<div class=\"elementor-button-wrapper\">\n\t\t\t\t\t<a class=\"elementor-button elementor-button-link elementor-size-sm\" href=\"https:\/\/pointseastcoastalinn.com\/fr\/2025-menu-petit-dejeuner\/\">\n\t\t\t\t\t\t<span class=\"elementor-button-content-wrapper\">\n\t\t\t\t\t\t\t\t\t<span class=\"elementor-button-text\">Cliquez ici pour consulter le menu des d\u00e9jeuners \u00e0 emporter de 2026<\/span>\n\t\t\t\t\t<\/span>\n\t\t\t\t\t<\/a>\n\t\t\t\t<\/div>\n\t\t\t\t\t\t\t\t<\/div>\n\t\t\t\t<\/div>\n\t\t\t\t<div class=\"elementor-element elementor-element-d957787 elementor-widget elementor-widget-spacer\" data-id=\"d957787\" data-element_type=\"widget\" data-e-type=\"widget\" data-widget_type=\"spacer.default\">\n\t\t\t\t<div class=\"elementor-widget-container\">\n\t\t\t\t\t\t\t<div class=\"elementor-spacer\">\n\t\t\t<div class=\"elementor-spacer-inner\"><\/div>\n\t\t<\/div>\n\t\t\t\t\t\t<\/div>\n\t\t\t\t<\/div>\n\t\t\t\t\t<\/div>\n\t\t\t\t<\/div>\n\t\t\t\t<\/div>\n\t\t","protected":false},"excerpt":{"rendered":"<p>Petit-d\u00e9jeuner Le tarif de nos chambres comprend un petit-d\u00e9jeuner gastronomique ! Nous commencerons par vous proposer des fruits frais et des yaourts, des p\u00e2tisseries, puis nous vous offrirons un menu vari\u00e9 ! Les clients appr\u00e9cient beaucoup nos \u0153ufs au portobello, mais si vous pr\u00e9f\u00e9rez les cr\u00eapes ou le bon vieux bacon et les \u0153ufs le [&hellip;]<\/p>\n","protected":false},"author":78,"featured_media":5983,"parent":0,"menu_order":0,"comment_status":"closed","ping_status":"closed","template":"elementor_header_footer","meta":{"inline_featured_image":false,"footnotes":""},"class_list":["post-7340","page","type-page","status-publish","has-post-thumbnail","hentry"],"_links":{"self":[{"href":"https:\/\/pointseastcoastalinn.com\/fr\/wp-json\/wp\/v2\/pages\/7340","targetHints":{"allow":["GET"]}}],"collection":[{"href":"https:\/\/pointseastcoastalinn.com\/fr\/wp-json\/wp\/v2\/pages"}],"about":[{"href":"https:\/\/pointseastcoastalinn.com\/fr\/wp-json\/wp\/v2\/types\/page"}],"author":[{"embeddable":true,"href":"https:\/\/pointseastcoastalinn.com\/fr\/wp-json\/wp\/v2\/users\/78"}],"replies":[{"embeddable":true,"href":"https:\/\/pointseastcoastalinn.com\/fr\/wp-json\/wp\/v2\/comments?post=7340"}],"version-history":[{"count":9,"href":"https:\/\/pointseastcoastalinn.com\/fr\/wp-json\/wp\/v2\/pages\/7340\/revisions"}],"predecessor-version":[{"id":7587,"href":"https:\/\/pointseastcoastalinn.com\/fr\/wp-json\/wp\/v2\/pages\/7340\/revisions\/7587"}],"wp:featuredmedia":[{"embeddable":true,"href":"https:\/\/pointseastcoastalinn.com\/fr\/wp-json\/wp\/v2\/media\/5983"}],"wp:attachment":[{"href":"https:\/\/pointseastcoastalinn.com\/fr\/wp-json\/wp\/v2\/media?parent=7340"}],"curies":[{"name":"wp","href":"https:\/\/api.w.org\/{rel}","templated":true}]}}