{"id":6922,"date":"2024-12-19T18:30:00","date_gmt":"2024-12-19T22:30:00","guid":{"rendered":"https:\/\/pointseastcoastalinn.com\/?page_id=6922"},"modified":"2025-01-14T11:34:29","modified_gmt":"2025-01-14T15:34:29","slug":"2025-menu-du-petit-dejeuner","status":"publish","type":"page","link":"https:\/\/pointseastcoastalinn.com\/fr\/2025-menu-du-petit-dejeuner\/","title":{"rendered":"2025 Menu petit-d\u00e9jeuner"},"content":{"rendered":"\n<h3 class=\"wp-block-heading\">Oeufs portobello<\/h3>\n\n<p>Champignons portobello r\u00e9chauff\u00e9 avec du brie fondu, des poivrons rouges et des oignon po\u00eal\u00e9s , garnis d&rsquo;un \u0153uf poch\u00e9 et d&rsquo;une sauce hollandaise. Servi avec bacon ou saucisse et des pommes de terre maison.<\/p>\n\n<p><strong><em>(Ce repas est sans gluten)<\/em><\/strong><\/p>\n\n<h3 class=\"wp-block-heading\">Oeufs B\u00e9n\u00e9dictines<\/h3>\n\n<p>Servi avec pommes de terre maison.<\/p>\n\n<h3 class=\"wp-block-heading\">Juste le petit &#8211; d\u00e9jeuner<\/h3>\n\n<p>Deux \u0153ufs a votre gout, avec bacon ou saucisse, pommes de terre maison et roties.<\/p>\n\n<h3 class=\"wp-block-heading\">Omelette aux l\u00e9gumes<\/h3>\n\n<p>Avec poivrons, champignons, oignons, et cheddar. Servi avec bacon ou saucisse, roties, et pommes de terre maison.<\/p>\n\n<h3 class=\"wp-block-heading\">Pain gril\u00e9e a l&rsquo;avocat avec une touche sp\u00e9cial<\/h3>\n\n<p>Pain du siegle l\u00e9ger, grill\u00e9, garnie avec de l`avocate fraiche et un m\u00e9lange chaud de fromage feta, tomate, oignon, poivre noir et de basilic fraiche. Ajoutez un \u0153uf poch\u00e9 pour plus de prot\u00e9ines !<\/p>\n\n<h3 class=\"wp-block-heading\">Cr\u00e9pes bluets citron<\/h3>\n\n<p>Cr\u00e9pes bluets traditionnels encore plus d\u00e9licieux avec addition de zeste de citron. Servi avec du bacon ou de la saucisse et du sirop d&rsquo;\u00e9rable de Bear Crick Maples \u00e0 Midgell (\u00ce.-P.-\u00c9.).<\/p>\n\n<p><strong><em>(sans gluten disponible)<\/em><\/strong><\/p>\n\n<h3 class=\"wp-block-heading\">Gaufres maison<\/h3>\n\n<p>Avec baies fra\u00eeches, de la cr\u00e8me fouett\u00e9e et sirop d&rsquo;\u00e9rable.<\/p>\n\n<p><strong><em>(sans gluten disponible)<\/em><\/strong><\/p>\n\n<h3 class=\"wp-block-heading\">Gruau chaud<\/h3>\n\n<p>Flocons d&rsquo;avoine ou flocons d&rsquo;acier, avec baies fra\u00eeches, un peu de miel et de sucre brun<\/p>\n\n<p>Des muffins anglais et du pain sans gluten sont disponibles, veuillez demander si vous pr\u00e9f\u00e9rez.<\/p>\n","protected":false},"excerpt":{"rendered":"<p>Oeufs portobello Champignons portobello r\u00e9chauff\u00e9 avec du brie fondu, des poivrons rouges et des oignon po\u00eal\u00e9s , garnis d&rsquo;un \u0153uf poch\u00e9 et d&rsquo;une sauce hollandaise. Servi avec bacon ou saucisse et des pommes de terre maison. (Ce repas est sans gluten) Oeufs B\u00e9n\u00e9dictines Servi avec pommes de terre maison. Juste le petit &#8211; d\u00e9jeuner Deux [&hellip;]<\/p>\n","protected":false},"author":6,"featured_media":0,"parent":0,"menu_order":0,"comment_status":"closed","ping_status":"closed","template":"","meta":{"inline_featured_image":false,"footnotes":""},"class_list":["post-6922","page","type-page","status-publish","hentry"],"_links":{"self":[{"href":"https:\/\/pointseastcoastalinn.com\/fr\/wp-json\/wp\/v2\/pages\/6922","targetHints":{"allow":["GET"]}}],"collection":[{"href":"https:\/\/pointseastcoastalinn.com\/fr\/wp-json\/wp\/v2\/pages"}],"about":[{"href":"https:\/\/pointseastcoastalinn.com\/fr\/wp-json\/wp\/v2\/types\/page"}],"author":[{"embeddable":true,"href":"https:\/\/pointseastcoastalinn.com\/fr\/wp-json\/wp\/v2\/users\/6"}],"replies":[{"embeddable":true,"href":"https:\/\/pointseastcoastalinn.com\/fr\/wp-json\/wp\/v2\/comments?post=6922"}],"version-history":[{"count":4,"href":"https:\/\/pointseastcoastalinn.com\/fr\/wp-json\/wp\/v2\/pages\/6922\/revisions"}],"predecessor-version":[{"id":7208,"href":"https:\/\/pointseastcoastalinn.com\/fr\/wp-json\/wp\/v2\/pages\/6922\/revisions\/7208"}],"wp:attachment":[{"href":"https:\/\/pointseastcoastalinn.com\/fr\/wp-json\/wp\/v2\/media?parent=6922"}],"curies":[{"name":"wp","href":"https:\/\/api.w.org\/{rel}","templated":true}]}}