{"id":5248,"date":"2023-01-14T17:54:32","date_gmt":"2023-01-14T21:54:32","guid":{"rendered":"https:\/\/pointseastcoastalinn.com\/politique-de-confidentialite\/"},"modified":"2024-02-02T18:56:17","modified_gmt":"2024-02-02T22:56:17","slug":"politique-de-confidentialite","status":"publish","type":"page","link":"https:\/\/pointseastcoastalinn.com\/fr\/politique-de-confidentialite\/","title":{"rendered":"Politique de confidentialit\u00e9"},"content":{"rendered":"\n<p>L&rsquo;adresse de notre site web est la suivante : https:\/\/pointseastcoastalinn.bookingpei.com<\/p>\n\n<h1 class=\"wp-block-heading\">Politique de confidentialit\u00e9<\/h1>\n\n<p><em>mise \u00e0 jour JANVIER 2023<\/em><\/p>\n\n<h3 class=\"wp-block-heading\">Collecte d&rsquo;informations<\/h3>\n\n<p>Vous pouvez visiter ce site web sans r\u00e9v\u00e9ler d&rsquo;informations personnelles. Toutefois, nous avons besoin de certaines donn\u00e9es personnelles si vous souhaitez r\u00e9server un logement, recevoir un bulletin d&rsquo;information, obtenir de l&rsquo;aide ou laisser un commentaire.<\/p>\n\n<p>Ces informations peuvent inclure vos coordonn\u00e9es personnelles ou celles de votre entreprise. Nous utiliserons ces informations pour r\u00e9pondre \u00e0 vos commentaires et \u00e0 vos questions, pour vous fournir les services demand\u00e9s et pour vous contacter au sujet des mises \u00e0 jour et des nouveaux produits.<\/p>\n\n<p>En acc\u00e9dant au service et en nous fournissant les informations personnelles demand\u00e9es, vous consentez \u00e0 la collecte et \u00e0 l&rsquo;utilisation de ces informations conform\u00e9ment \u00e0 la pr\u00e9sente politique de confidentialit\u00e9.<\/p>\n\n<p>Nous recevons et enregistrons automatiquement sur nos serveurs des informations non personnelles provenant de votre navigateur, notamment votre adresse IP, des informations sur les cookies et la page que vous avez demand\u00e9e.  <\/p>\n\n<h3 class=\"wp-block-heading\">Enregistrement du compte<\/h3>\n\n<p>Pour les utilisateurs qui s&rsquo;inscrivent sur notre site web (le cas \u00e9ch\u00e9ant), nous stockons les informations personnelles qu&rsquo;ils fournissent dans leur profil d&rsquo;utilisateur. Tous les utilisateurs peuvent voir, modifier ou supprimer leurs informations personnelles \u00e0 tout moment (sauf qu&rsquo;ils ne peuvent pas changer leur nom d&rsquo;utilisateur). Les administrateurs de sites web peuvent \u00e9galement voir et modifier ces informations.<\/p>\n\n<h3 class=\"wp-block-heading\">Les m\u00e9dias<\/h3>\n\n<p>Si vous t\u00e9l\u00e9chargez des images sur le site web, vous devez \u00e9viter de t\u00e9l\u00e9charger des images contenant des donn\u00e9es de localisation int\u00e9gr\u00e9es (EXIF GPS). Les visiteurs du site web peuvent t\u00e9l\u00e9charger et extraire n&rsquo;importe quelle donn\u00e9e de localisation \u00e0 partir des images du site web.<\/p>\n\n<h3 class=\"wp-block-heading\">Formulaires de contact<\/h3>\n\n<p>Nous conservons les formulaires de contact pendant un certain temps \u00e0 des fins de service \u00e0 la client\u00e8le, mais nous n&rsquo;utilisons pas les informations soumises \u00e0 des fins de marketing. Lorsque vous nous envoyez un message sur le site, nous recueillons votre message, votre adresse \u00e9lectronique, ainsi que l&rsquo;adresse IP et l&rsquo;agent utilisateur du navigateur pour faciliter la d\u00e9tection des spams.<\/p>\n\n<h3 class=\"wp-block-heading\">Contenu int\u00e9gr\u00e9 d&rsquo;autres sites web<\/h3>\n\n<p>Les articles de ce site peuvent contenir du contenu int\u00e9gr\u00e9 (par exemple des vid\u00e9os, des images, des articles, etc.). Le contenu incorpor\u00e9 provenant d&rsquo;autres sites web se comporte exactement de la m\u00eame mani\u00e8re que si le visiteur avait visit\u00e9 l&rsquo;autre site web.<\/p>\n\n<p>Ces sites web peuvent collecter des donn\u00e9es vous concernant, utiliser des cookies, int\u00e9grer un suivi suppl\u00e9mentaire par des tiers et contr\u00f4ler votre interaction avec ce contenu int\u00e9gr\u00e9, y compris votre interaction avec le contenu int\u00e9gr\u00e9 si vous avez un compte et que vous \u00eates connect\u00e9 \u00e0 ce site web.<\/p>\n\n<h3 class=\"wp-block-heading\">Utilisation des informations collect\u00e9es<\/h3>\n\n<p>Nous traitons les informations vous concernant ou provenant de vous afin de vous fournir nos produits et services. Nous utilisons vos donn\u00e9es personnelles pour :<br\/>&#8211; Cr\u00e9ez votre compte personnel.<br\/>&#8211; Communiquer avec vous au sujet de nos produits et services.<br\/>&#8211; Fournir une assistance technique.<br\/>&#8211; Vous avertir des mises \u00e0 jour.<br\/>&#8211; Personnaliser votre exp\u00e9rience en fonction de vos activit\u00e9s, y compris vos achats et l&rsquo;inscription aux services en ligne que vous utilisez. Cela nous permet de rendre votre exp\u00e9rience unique. Par exemple, en vous proposant des produits ou des services pertinents pour vous.<br\/>&#8211; vous envoyer des messages promotionnels et du contenu, et ainsi commercialiser nos produits ou services.<\/p>\n\n<h3 class=\"wp-block-heading\">Divulgation et partage d&rsquo;informations<\/h3>\n\n<p>Nous pouvons divulguer vos donn\u00e9es \u00e0 caract\u00e8re personnel dans les cas suivants :<\/p>\n\n<p>&#8211; nous avons votre consentement pour partager les informations dans un but sp\u00e9cifique ;<br\/>&#8211; nous devons r\u00e9pondre \u00e0 des citations \u00e0 compara\u00eetre, \u00e0 des ordonnances judiciaires ou \u00e0 d&rsquo;autres demandes gouvernementales ;<br\/>&#8211; nous devons prot\u00e9ger la s\u00e9curit\u00e9 personnelle des utilisateurs de notre site web ou d\u00e9fendre les droits ou la propri\u00e9t\u00e9 de ce site web ;<br\/>&#8211; nous constatons que vos actions sur notre site web violent nos conditions d&rsquo;utilisation ou l&rsquo;une de nos directives d&rsquo;utilisation.<\/p>\n\n<p>Nous ne vendons pas, n&rsquo;\u00e9changeons pas et ne transf\u00e9rons pas d&rsquo;une autre mani\u00e8re \u00e0 des tiers des informations personnellement identifiables.<\/p>\n\n<p>Si vous ne consentez pas \u00e0 la collecte, \u00e0 l&rsquo;utilisation ou \u00e0 la divulgation de vos informations personnelles comme indiqu\u00e9 dans la pr\u00e9sente politique, veuillez ne pas nous fournir de donn\u00e9es personnelles et ne plus consentir \u00e0 leur utilisation ou \u00e0 leur divulgation comme indiqu\u00e9 dans la pr\u00e9sente politique.<\/p>\n\n<h3 class=\"wp-block-heading\">Protection de l&rsquo;information<\/h3>\n\n<p>Vos informations sont prot\u00e9g\u00e9es pour des raisons de confidentialit\u00e9 et de s\u00e9curit\u00e9. Nous prot\u00e9geons vos informations personnelles contre tout acc\u00e8s non autoris\u00e9, gr\u00e2ce \u00e0 un pare-feu de r\u00e9seau et \u00e0 des mesures de s\u00e9curit\u00e9 physique.<\/p>\n\n<p>Nous ne conservons vos informations personnelles qu&rsquo;aussi longtemps que n\u00e9cessaire pour atteindre les objectifs identifi\u00e9s dans le pr\u00e9sent document ou que la loi l&rsquo;exige.<\/p>\n\n<h3 class=\"wp-block-heading\">Modifications de notre politique de confidentialit\u00e9<\/h3>\n\n<p>Nous pouvons \u00e0 tout moment modifier cette politique. Nous vous invitons \u00e0 le consulter r\u00e9guli\u00e8rement, car nous publierons les changements sur cette page.<\/p>\n\n<h3 class=\"wp-block-heading\">Quel type d&rsquo;informations recueillons-nous ?<\/h3>\n\n<p>Nous recueillons des informations sur vous lors des r\u00e9servations d&rsquo;h\u00e9bergement sur notre site web. Ces informations peuvent inclure, sans s&rsquo;y limiter, votre nom, votre adresse \u00e9lectronique, votre num\u00e9ro de t\u00e9l\u00e9phone, votre adresse IP et tout autre d\u00e9tail qui pourrait vous \u00eatre demand\u00e9 dans le cadre du traitement de nos services.<\/p>\n\n<p>Le traitement de ces donn\u00e9es nous permet de<br\/>&#8211; vous envoyer des informations importantes sur le compte ou le service.<br\/>&#8211; R\u00e9pondre \u00e0 vos questions ou r\u00e9clamations.<br\/>&#8211; Configurer et g\u00e9rer votre compte, fournir une assistance technique et\/ou \u00e0 la client\u00e8le, et v\u00e9rifier votre identit\u00e9.<\/p>\n\n<h3 class=\"wp-block-heading\">Combien de temps conservons-nous les donn\u00e9es ?<\/h3>\n\n<p>Nous ne conserverons pas vos donn\u00e9es personnelles plus longtemps que n\u00e9cessaire. Nous conservons vos informations jusqu&rsquo;\u00e0 ce que vous ne soyez plus notre client. Par exemple, pour vous fournir une assistance technique, nous avons besoin de votre adresse \u00e9lectronique pour nous assurer que vous avez bien achet\u00e9 notre produit ou service.<\/p>\n\n<p>Si vous laissez un commentaire, celui-ci et ses m\u00e9tadonn\u00e9es sont conserv\u00e9s ind\u00e9finiment. Cela nous permet de reconna\u00eetre et d&rsquo;approuver automatiquement les commentaires de suivi au lieu de les garder dans une file d&rsquo;attente de mod\u00e9ration.<\/p>\n\n<p>Pour les utilisateurs qui s&rsquo;inscrivent sur notre site web (le cas \u00e9ch\u00e9ant), nous stockons \u00e9galement les informations personnelles qu&rsquo;ils fournissent dans leur profil d&rsquo;utilisateur. Tous les utilisateurs peuvent voir, modifier ou supprimer leurs informations personnelles \u00e0 tout moment (sauf qu&rsquo;ils ne peuvent pas changer leur nom d&rsquo;utilisateur). Les administrateurs de sites web peuvent \u00e9galement voir et modifier ces informations.<\/p>\n\n<h3 class=\"wp-block-heading\">Tiers qui fournissent des fonctionnalit\u00e9s<\/h3>\n\n<p>Une partie du contenu, du marketing et des fonctionnalit\u00e9s de notre site web peut \u00eatre fournie par des tiers qui ne sont pas nos affili\u00e9s.<\/p>\n\n<h3 class=\"wp-block-heading\">Effacer les donn\u00e9es<\/h3>\n\n<p>Vous pouvez utiliser le \u00ab\u00a0droit \u00e0 l&rsquo;oubli\u00a0\u00bb. Si vous avez un compte sur ce site, ou si vous avez laiss\u00e9 des commentaires, vous pouvez demander \u00e0 recevoir un fichier export\u00e9 des donn\u00e9es personnelles que nous d\u00e9tenons \u00e0 votre sujet, y compris toutes les donn\u00e9es que vous nous avez fournies.<\/p>\n\n<p>Nous effacerons toutes vos donn\u00e9es personnelles si vous souhaitez d\u00e9sactiver ou supprimer votre compte, veuillez <a href=\"https:\/\/motopress.com\/contacts\/\">nous contacter<\/a>. Cela n&rsquo;inclut pas les donn\u00e9es que nous sommes oblig\u00e9s de conserver \u00e0 des fins administratives, juridiques ou de s\u00e9curit\u00e9.<\/p>\n\n<h3 class=\"wp-block-heading\">Cookies<\/h3>\n\n<p>Nous utilisons des cookies sur ce site web. Les cookies sont de petits \u00e9l\u00e9ments d&rsquo;information qui contiennent des donn\u00e9es sur le visiteur d&rsquo;un site web. Ils d\u00e9tiennent les informations relatives \u00e0 votre exp\u00e9rience sur le site. Par exemple, nous pouvons utiliser des cookies pour vous aider \u00e0 vous connecter \u00e0 notre site web en m\u00e9morisant les donn\u00e9es de connexion, de sorte que vous n&rsquo;ayez pas besoin de saisir \u00e0 nouveau le mot de passe.<\/p>\n\n<h3 class=\"wp-block-heading\">Liens<\/h3>\n\n<p>Ce site web contient des liens vers d&rsquo;autres sites. Veuillez noter que nous ne sommes pas responsables du contenu ou des pratiques de confidentialit\u00e9 de ces autres sites. Nous encourageons nos utilisateurs \u00e0 \u00eatre attentifs lorsqu&rsquo;ils quittent notre site et \u00e0 lire les d\u00e9clarations de confidentialit\u00e9 de tout autre site qui recueille des informations personnellement identifiables.<\/p>\n","protected":false},"excerpt":{"rendered":"<p>L&rsquo;adresse de notre site web est la suivante : https:\/\/pointseastcoastalinn.bookingpei.com Politique de confidentialit\u00e9 mise \u00e0 jour JANVIER 2023 Collecte d&rsquo;informations Vous pouvez visiter ce site web sans r\u00e9v\u00e9ler d&rsquo;informations personnelles. Toutefois, nous avons besoin de certaines donn\u00e9es personnelles si vous souhaitez r\u00e9server un logement, recevoir un bulletin d&rsquo;information, obtenir de l&rsquo;aide ou laisser un commentaire. [&hellip;]<\/p>\n","protected":false},"author":78,"featured_media":0,"parent":0,"menu_order":0,"comment_status":"closed","ping_status":"closed","template":"","meta":{"inline_featured_image":false,"footnotes":""},"class_list":["post-5248","page","type-page","status-publish","hentry"],"_links":{"self":[{"href":"https:\/\/pointseastcoastalinn.com\/fr\/wp-json\/wp\/v2\/pages\/5248","targetHints":{"allow":["GET"]}}],"collection":[{"href":"https:\/\/pointseastcoastalinn.com\/fr\/wp-json\/wp\/v2\/pages"}],"about":[{"href":"https:\/\/pointseastcoastalinn.com\/fr\/wp-json\/wp\/v2\/types\/page"}],"author":[{"embeddable":true,"href":"https:\/\/pointseastcoastalinn.com\/fr\/wp-json\/wp\/v2\/users\/78"}],"replies":[{"embeddable":true,"href":"https:\/\/pointseastcoastalinn.com\/fr\/wp-json\/wp\/v2\/comments?post=5248"}],"version-history":[{"count":2,"href":"https:\/\/pointseastcoastalinn.com\/fr\/wp-json\/wp\/v2\/pages\/5248\/revisions"}],"predecessor-version":[{"id":5250,"href":"https:\/\/pointseastcoastalinn.com\/fr\/wp-json\/wp\/v2\/pages\/5248\/revisions\/5250"}],"wp:attachment":[{"href":"https:\/\/pointseastcoastalinn.com\/fr\/wp-json\/wp\/v2\/media?parent=5248"}],"curies":[{"name":"wp","href":"https:\/\/api.w.org\/{rel}","templated":true}]}}