{"id":5231,"date":"2022-12-15T17:25:37","date_gmt":"2022-12-15T21:25:37","guid":{"rendered":"https:\/\/pointseastcoastalinn.com\/conditions-generales-dutilisation\/"},"modified":"2024-02-11T13:43:26","modified_gmt":"2024-02-11T17:43:26","slug":"conditions-generales-dutilisation","status":"publish","type":"page","link":"https:\/\/pointseastcoastalinn.com\/fr\/conditions-generales-dutilisation\/","title":{"rendered":"Termes et conditions"},"content":{"rendered":"<div class=\"elementor-element elementor-element-06cccc3 elementor-widget elementor-widget-heading\" data-id=\"06cccc3\" data-element_type=\"widget\" data-widget_type=\"heading.default\">\n<div class=\"elementor-widget-container\">\n<h2 class=\"elementor-heading-title elementor-size-default\">Termes et conditions<\/h2>\n<\/div>\n<\/div>\n<div class=\"elementor-element elementor-element-0673498 elementor-widget elementor-widget-text-editor\" data-id=\"0673498\" data-element_type=\"widget\" data-widget_type=\"text-editor.default\">\n<div class=\"elementor-widget-container\">\n<ul>\n<li style=\"list-style-type: none\">\n<ul>\n<li>L&rsquo;heure d&rsquo;arriv\u00e9e est 15 heures.<br \/>\nL&rsquo;heure de d\u00e9part est 11 heures.<\/li>\n<li>Les prix indiqu\u00e9s sont en dollars canadiens.<\/li>\n<li>Les tarifs des chambres sont sujets aux taxes applicables.<\/li>\n<li>Un petit-d\u00e9jeuner d\u00e9licieux est inclus.<\/li>\n<li>L&rsquo;anglais et le fran\u00e7ais sont parl\u00e9s.<\/li>\n<li>Nous sommes une maison sans animaux en raison d&rsquo;allergies.<\/li>\n<li>Il est interdit de fumer dans l&rsquo;auberge ou dans la v\u00e9randa. Il est permis de fumer autour du foyer ext\u00e9rieur.<\/li>\n<li>Mobilit\u00e9 limit\u00e9e ? Nos chambres sont situ\u00e9es en haut d&rsquo;un escalier au deuxi\u00e8me \u00e9tage de l&rsquo;auberge. Veuillez nous appeler pour discuter de vos besoins individuels.<\/li>\n<li>Nous ne sommes pas responsables de la s\u00e9curit\u00e9 des objets de valeur laiss\u00e9s dans les chambres.<\/li>\n<li>Force majeure &#8211; en cas de force majeure, votre r\u00e9servation peut \u00eatre annul\u00e9e \u00e0 tout moment sans aucun droit de r\u00e9clamation contre nous.<\/li>\n<li>Permis de l&rsquo;\u00cele-du-Prince-\u00c9douard n\u00b0 1300727<\/li>\n<\/ul>\n<\/li>\n<\/ul>\n<p><!-- \/wp:post-content --><\/p>\n<\/div>\n<\/div>\n<p><!-- wp:paragraph --><\/p>\n<p><!-- \/wp:paragraph --><\/p>\n","protected":false},"excerpt":{"rendered":"<p>Termes et conditions L&rsquo;heure d&rsquo;arriv\u00e9e est 15 heures. L&rsquo;heure de d\u00e9part est 11 heures. Les prix indiqu\u00e9s sont en dollars canadiens. Les tarifs des chambres sont sujets aux taxes applicables. Un petit-d\u00e9jeuner d\u00e9licieux est inclus. L&rsquo;anglais et le fran\u00e7ais sont parl\u00e9s. Nous sommes une maison sans animaux en raison d&rsquo;allergies. Il est interdit de fumer [&hellip;]<\/p>\n","protected":false},"author":78,"featured_media":0,"parent":0,"menu_order":0,"comment_status":"closed","ping_status":"closed","template":"","meta":{"inline_featured_image":false,"footnotes":""},"class_list":["post-5231","page","type-page","status-publish","hentry"],"_links":{"self":[{"href":"https:\/\/pointseastcoastalinn.com\/fr\/wp-json\/wp\/v2\/pages\/5231","targetHints":{"allow":["GET"]}}],"collection":[{"href":"https:\/\/pointseastcoastalinn.com\/fr\/wp-json\/wp\/v2\/pages"}],"about":[{"href":"https:\/\/pointseastcoastalinn.com\/fr\/wp-json\/wp\/v2\/types\/page"}],"author":[{"embeddable":true,"href":"https:\/\/pointseastcoastalinn.com\/fr\/wp-json\/wp\/v2\/users\/78"}],"replies":[{"embeddable":true,"href":"https:\/\/pointseastcoastalinn.com\/fr\/wp-json\/wp\/v2\/comments?post=5231"}],"version-history":[{"count":2,"href":"https:\/\/pointseastcoastalinn.com\/fr\/wp-json\/wp\/v2\/pages\/5231\/revisions"}],"predecessor-version":[{"id":5428,"href":"https:\/\/pointseastcoastalinn.com\/fr\/wp-json\/wp\/v2\/pages\/5231\/revisions\/5428"}],"wp:attachment":[{"href":"https:\/\/pointseastcoastalinn.com\/fr\/wp-json\/wp\/v2\/media?parent=5231"}],"curies":[{"name":"wp","href":"https:\/\/api.w.org\/{rel}","templated":true}]}}