{"id":5230,"date":"2023-01-28T14:36:09","date_gmt":"2023-01-28T18:36:09","guid":{"rendered":"https:\/\/pointseastcoastalinn.com\/a-propos-de-nous\/"},"modified":"2025-01-05T15:33:24","modified_gmt":"2025-01-05T19:33:24","slug":"a-propos-de-nous","status":"publish","type":"page","link":"https:\/\/pointseastcoastalinn.com\/fr\/a-propos-de-nous\/","title":{"rendered":"\u00c0 propos de nous"},"content":{"rendered":"\t\t<div data-elementor-type=\"wp-page\" data-elementor-id=\"5230\" class=\"elementor elementor-5230 elementor-2355\">\n\t\t\t\t<div class=\"elementor-element elementor-element-5a426d7 e-flex e-con-boxed e-con e-parent\" data-id=\"5a426d7\" data-element_type=\"container\" data-e-type=\"container\">\n\t\t\t\t\t<div class=\"e-con-inner\">\n\t\t<div class=\"elementor-element elementor-element-f559430 e-con-full e-flex e-con e-child\" data-id=\"f559430\" data-element_type=\"container\" data-e-type=\"container\">\n\t\t\t\t<div class=\"elementor-element elementor-element-7c558a3 elementor-widget elementor-widget-heading\" data-id=\"7c558a3\" data-element_type=\"widget\" data-e-type=\"widget\" data-widget_type=\"heading.default\">\n\t\t\t\t<div class=\"elementor-widget-container\">\n\t\t\t\t\t<h2 class=\"elementor-heading-title elementor-size-default\">\u00c0 propos de notre maison<\/h2>\t\t\t\t<\/div>\n\t\t\t\t<\/div>\n\t\t\t\t<div class=\"elementor-element elementor-element-72d77a7 elementor-widget elementor-widget-text-editor\" data-id=\"72d77a7\" data-element_type=\"widget\" data-e-type=\"widget\" data-widget_type=\"text-editor.default\">\n\t\t\t\t<div class=\"elementor-widget-container\">\n\t\t\t\t\t\t\t\t\t<p>La maison a \u00e9t\u00e9 construite dans les ann\u00e9es 1870 pour John P. Sullivan, un \u00e9minent marchand et agriculteur du village de St. Peters Bay.<\/p>\n<p>Il se caract\u00e9rise comme \u00e9tant influenc\u00e9 par les styles architecturaux du Second Empire, notamment le toit mansard\u00e9 dominant avec des lucarnes. En 1915, la maison est devenue le manoir de l\u2019\u00e9glise presbyt\u00e9rienne adjacente (aujourd\u2019hui unie), jusqu\u2019au d\u00e9but des ann\u00e9es 1960. Le salon de devant de la maison \u00e9tait un endroit pr\u00e9f\u00e9r\u00e9 de nombreux couples pour se marier. Depuis la fin des ann\u00e9es 1990, la maison est un Bed and Breakfast accueillant des invit\u00e9s du monde entier. Points East Coastal Inn est un lieu patrimonial enregistr\u00e9 au niveau provincial.<\/p>\n<p><strong><a href=\"http:\/\/www.gov.pe.ca\/hpo\/app.php?nav=details&amp;p=8684\" target=\"_blank\" rel=\"noopener\">Cliquez ici pour lire un historique d\u00e9taill\u00e9 (en anglais seulement)<\/a><\/strong><\/p>\n<p>Aujourd&rsquo;hui, nous vous invitons \u00e0 passer des vacances dans notre maison confortable,<\/p>\n<p>\u00e0 profiter de l&rsquo;air frais, des images et des sons de la r\u00e9gion et \u00e0 vous impr\u00e9gner du mode de vie de l&rsquo;\u00cele-du-Prince-\u00c9douard !<\/p>\n\t\t\t\t\t\t\t\t<\/div>\n\t\t\t\t<\/div>\n\t\t\t\t<\/div>\n\t\t<div class=\"elementor-element elementor-element-697a1f8 e-con-full e-flex e-con e-child\" data-id=\"697a1f8\" data-element_type=\"container\" data-e-type=\"container\" data-settings=\"{&quot;background_background&quot;:&quot;classic&quot;}\">\n\t\t\t\t<\/div>\n\t\t\t\t\t<\/div>\n\t\t\t\t<\/div>\n\t\t<div class=\"elementor-element elementor-element-a53a0d3 e-flex e-con-boxed e-con e-parent\" data-id=\"a53a0d3\" data-element_type=\"container\" data-e-type=\"container\">\n\t\t\t\t\t<div class=\"e-con-inner\">\n\t\t<div class=\"elementor-element elementor-element-8ee2e1d e-con-full e-flex e-con e-child\" data-id=\"8ee2e1d\" data-element_type=\"container\" data-e-type=\"container\" data-settings=\"{&quot;background_background&quot;:&quot;classic&quot;}\">\n\t\t\t\t<\/div>\n\t\t<div class=\"elementor-element elementor-element-e237839 e-con-full e-flex e-con e-child\" data-id=\"e237839\" data-element_type=\"container\" data-e-type=\"container\">\n\t\t\t\t<div class=\"elementor-element elementor-element-b5ced47 elementor-widget elementor-widget-heading\" data-id=\"b5ced47\" data-element_type=\"widget\" data-e-type=\"widget\" data-widget_type=\"heading.default\">\n\t\t\t\t<div class=\"elementor-widget-container\">\n\t\t\t\t\t<h2 class=\"elementor-heading-title elementor-size-default\">\u00c0 propos de nous<\/h2>\t\t\t\t<\/div>\n\t\t\t\t<\/div>\n\t\t\t\t<div class=\"elementor-element elementor-element-0fd8264 elementor-widget elementor-widget-text-editor\" data-id=\"0fd8264\" data-element_type=\"widget\" data-e-type=\"widget\" data-widget_type=\"text-editor.default\">\n\t\t\t\t<div class=\"elementor-widget-container\">\n\t\t\t\t\t\t\t\t\t<p>Rodger et Sarah sont originaires de la ville d&rsquo;Almonte, dans la magnifique vall\u00e9e de l&rsquo;Outaouais, dans l&rsquo;est de l&rsquo;Ontario. Ils se sont rencontr\u00e9s en 7e ann\u00e9e \u00e0 l&rsquo;\u00e9cole publique Naismith Memorial Public School (Almonte est la ville natale du Dr James Naismith, inventeur du basket-ball!).<\/p>\n<p>Rodger est le plus jeune d&rsquo;une famille de cinq enfants, n\u00e9 d&rsquo;immigrants n\u00e9erlandais arriv\u00e9s au Canada en 1953. Il a grandi dans une famille de soudeurs et a appris le m\u00e9tier tr\u00e8s jeune \u00e2ge en travaillant avec son p\u00e8re. Son exp\u00e9rience comprend \u00e9galement la gestion des installations de la sant\u00e9 et de la s\u00e9curit\u00e9, la gestion de la construction, la r\u00e9novation r\u00e9sidentielle et entrepreneur. Rodger a quatre enfants &#8211; Taylor, Melissa, Ainsley et Zoe, et est fier d&rsquo;\u00eatre Opa pour Nash, Adaline et Grace.<\/p>\n<p>Sarah est l&rsquo;une des quatre enfants d&rsquo;origine britannique dont les parents ont \u00e9migr\u00e9 d&rsquo;Angleterre en 1965.  <span style=\"text-align: var(--text-align);background-color: transparent;color: var( --e-global-color-text );font-family: var( --e-global-typography-text-font-family ), Sans-serif;font-size: var( --e-global-typography-text-font-size );font-weight: var( --e-global-typography-text-font-weight )\">Sarah a pass\u00e9 ses ann\u00e9es de travail dans le secteur de l&rsquo;h\u00f4tellerie apr\u00e8s avoir \u00e9tudi\u00e9 \u00e0 l&rsquo;\u00c9cole d&rsquo;administration h\u00f4teli\u00e8re et alimentaire de l&rsquo;Universit\u00e9 de Guelph, puis s&rsquo;est associ\u00e9e pour ouvrir un restaurant populaire et une entreprise de restauration en 1990 qui a \u00e9t\u00e9 pr\u00e9sent\u00e9e dans l&rsquo;\u00e9mission \u00ab You Gotta Eat Here \u00bb sur The Food Network. En 2010, elle fait la transition vers les mariages et les \u00e9v\u00e9nements, ouvrant une entreprise de location d\u2019\u00e9quipement de f\u00eates et d&rsquo;\u00e9v\u00e9nements avec des dizaines d&rsquo;\u00e9v\u00e9nements chaque semaine ! Sarah a quatre fils extraordinaires, Ray, Blake, Austin et Jamie, et a accueilli avec joie les petites-filles Scarlett et Parker en 2023 !<\/span><\/p>\n<p>Ensemble, Rodger et Sarah ont h\u00e2te d&rsquo;adopter le \u00ab mode de vie insulaire \u00bb de l&rsquo;\u00cele-du-Prince-\u00c9douard et St. Peters Bay comme nouvelle ville natale, et de vous accueillir dans leur nouvelle maison \u2013 POINTS EAST COASTAL INN.<\/p>\n\t\t\t\t\t\t\t\t<\/div>\n\t\t\t\t<\/div>\n\t\t\t\t<\/div>\n\t\t\t\t\t<\/div>\n\t\t\t\t<\/div>\n\t\t<div class=\"elementor-element elementor-element-cde7400 e-flex e-con-boxed e-con e-parent\" data-id=\"cde7400\" data-element_type=\"container\" data-e-type=\"container\">\n\t\t\t\t\t<div class=\"e-con-inner\">\n\t\t\t\t<div class=\"elementor-element elementor-element-0ea451d elementor-widget elementor-widget-heading\" data-id=\"0ea451d\" data-element_type=\"widget\" data-e-type=\"widget\" data-widget_type=\"heading.default\">\n\t\t\t\t<div class=\"elementor-widget-container\">\n\t\t\t\t\t<h2 class=\"elementor-heading-title elementor-size-default\">T\u00e9moignages<\/h2>\t\t\t\t<\/div>\n\t\t\t\t<\/div>\n\t\t\t\t\t<\/div>\n\t\t\t\t<\/div>\n\t\t<div class=\"elementor-element elementor-element-6f4fc2f e-flex e-con-boxed e-con e-parent\" data-id=\"6f4fc2f\" data-element_type=\"container\" data-e-type=\"container\">\n\t\t\t\t\t<div class=\"e-con-inner\">\n\t\t\t\t<div class=\"elementor-element elementor-element-alpenhouse-testimonials-carousel elementor-widget elementor-widget-testimonials-carousel\" data-id=\"alpenhouse-testimonials-carousel\" data-element_type=\"widget\" data-e-type=\"widget\" data-widget_type=\"testimonials-carousel.default\">\n\t\t\t\t<div class=\"elementor-widget-container\">\n\t\t\t\t\t            <div class=\"testimonials-carousel\" data-items-to-show-mobile=\"1\" data-items-to-show-tablet=\"\" data-items-to-show-desktop=\"1\" data-slide-speed=\"2000\" data-autoplay=\"yes\">\r\n                \r\n<article id=\"post-7272\" class=\"post-7272 cptp-testimonial type-cptp-testimonial status-publish hentry\">\r\n    <div class=\"testimonial-wrapper\">\r\n        <div class=\"testimonial-thumbnail\">\r\n            <a class=\"post-thumbnail\" href=\"https:\/\/pointseastcoastalinn.com\/fr\/testimonial\/kristen-august-2025\/\" aria-hidden=\"true\">\r\n                            <\/a>\r\n        <\/div>\r\n        <div class=\"rating\">\r\n            <span class=\"star\"><i class=\"fa fa-star\"><\/i><\/span><span class=\"star\"><i class=\"fa fa-star\"><\/i><\/span><span class=\"star\"><i class=\"fa fa-star\"><\/i><\/span><span class=\"star\"><i class=\"fa fa-star\"><\/i><\/span><span class=\"star\"><i class=\"fa fa-star\"><\/i><\/span>        <\/div>\r\n        <div class=\"entry-content\">\r\n            <p><span style=\"font-weight: 400;\">Had a fantastic five night stay at Points East while doing segments of the Island Walk. Wonderful food, baked goods and desserts. Rodger &amp; Sarah are knowledgeable, kind and welcoming hosts. They gave us excellent recommendations for activities and helped coordinate e-bike rentals to visit Greenwich national park and kayak rental for a lovely trip down the Morell River. Would be delighted to return and highly recommend!<\/span><\/p>\n        <\/div><!-- .entry-content -->\r\n\t\t<header class=\"entry-header\">\r\n\t\t<h2 class=\"entry-title\"><a href=\"https:\/\/pointseastcoastalinn.com\/fr\/testimonial\/kristen-august-2025\/\" rel=\"bookmark\">&#8211; KRISTEN, AUGUST 2025<\/a><\/h2>        <\/header><!-- .entry-header -->\r\n        <span class=\"testimonial-subtitle\">\r\n                    <\/span>\r\n\r\n    <\/div>\r\n<\/article><!-- #post-7272 -->\r\n\r\n<article id=\"post-7271\" class=\"post-7271 cptp-testimonial type-cptp-testimonial status-publish hentry\">\r\n    <div class=\"testimonial-wrapper\">\r\n        <div class=\"testimonial-thumbnail\">\r\n            <a class=\"post-thumbnail\" href=\"https:\/\/pointseastcoastalinn.com\/fr\/testimonial\/september-2025-very-best-wishes-%f0%9f%99%8f-bill-veronica\/\" aria-hidden=\"true\">\r\n                            <\/a>\r\n        <\/div>\r\n        <div class=\"rating\">\r\n            <span class=\"star\"><i class=\"fa fa-star\"><\/i><\/span><span class=\"star\"><i class=\"fa fa-star\"><\/i><\/span><span class=\"star\"><i class=\"fa fa-star\"><\/i><\/span><span class=\"star\"><i class=\"fa fa-star\"><\/i><\/span><span class=\"star\"><i class=\"fa fa-star\"><\/i><\/span>        <\/div>\r\n        <div class=\"entry-content\">\r\n            <p><span style=\"font-weight: 400;\">We just can&rsquo;t say enough about Rodger and Sarah&rsquo;s lovely Inn. The history and beauty, the incredible rooms &amp; view, the location, the attention to detail, the responsiveness, and the absolutely incredible home cooked food served in the most lovely dining area. Thank you Rodger and Sarah for hands down our best accommodation experience (among other great experiences) of our cycling trip on the island Inn<\/span><\/p>\n        <\/div><!-- .entry-content -->\r\n\t\t<header class=\"entry-header\">\r\n\t\t<h2 class=\"entry-title\"><a href=\"https:\/\/pointseastcoastalinn.com\/fr\/testimonial\/september-2025-very-best-wishes-%f0%9f%99%8f-bill-veronica\/\" rel=\"bookmark\">&#8211; September 2025. Very best wishes \ud83d\ude4f Bill &#038; Veronica.<\/a><\/h2>        <\/header><!-- .entry-header -->\r\n        <span class=\"testimonial-subtitle\">\r\n                    <\/span>\r\n\r\n    <\/div>\r\n<\/article><!-- #post-7271 -->\r\n\r\n<article id=\"post-7270\" class=\"post-7270 cptp-testimonial type-cptp-testimonial status-publish hentry\">\r\n    <div class=\"testimonial-wrapper\">\r\n        <div class=\"testimonial-thumbnail\">\r\n            <a class=\"post-thumbnail\" href=\"https:\/\/pointseastcoastalinn.com\/fr\/testimonial\/wonderful-experience\/\" aria-hidden=\"true\">\r\n                            <\/a>\r\n        <\/div>\r\n        <div class=\"rating\">\r\n            <span class=\"star\"><i class=\"fa fa-star\"><\/i><\/span><span class=\"star\"><i class=\"fa fa-star\"><\/i><\/span><span class=\"star\"><i class=\"fa fa-star\"><\/i><\/span><span class=\"star\"><i class=\"fa fa-star\"><\/i><\/span><span class=\"star\"><i class=\"fa fa-star\"><\/i><\/span>        <\/div>\r\n        <div class=\"entry-content\">\r\n            <p><span style=\"font-weight: 400;\">One of the best b &amp; b \u2018s we have ever experienced. Sarah and Rodger were amazing hosts. Gorgeous waterfront location , right on the trail. As cyclists we were so pleased to find a special location to safely store our bikes.<\/span><span style=\"font-weight: 400;\"><br \/>\n<\/span><span style=\"font-weight: 400;\">We arrived on a cool windy morning and were immediately met with the hospitable offer of coffee and tea. From that moment forward &#8211; everything was attended to with TLC. Our meals were beautifully prepared and presented. The warm and quiet ambiance of the house was much appreciated.<\/span><span style=\"font-weight: 400;\"><br \/>\n<\/span><span style=\"font-weight: 400;\">Thank you Sarah and Rodger. \u00a0 \u2013 RUTHANN, OCTOBER 2024\u00a0<\/span><\/p>\n        <\/div><!-- .entry-content -->\r\n\t\t<header class=\"entry-header\">\r\n\t\t<h2 class=\"entry-title\"><a href=\"https:\/\/pointseastcoastalinn.com\/fr\/testimonial\/wonderful-experience\/\" rel=\"bookmark\">Wonderful experience !!<\/a><\/h2>        <\/header><!-- .entry-header -->\r\n        <span class=\"testimonial-subtitle\">\r\n                    <\/span>\r\n\r\n    <\/div>\r\n<\/article><!-- #post-7270 -->\r\n\r\n<article id=\"post-7269\" class=\"post-7269 cptp-testimonial type-cptp-testimonial status-publish hentry\">\r\n    <div class=\"testimonial-wrapper\">\r\n        <div class=\"testimonial-thumbnail\">\r\n            <a class=\"post-thumbnail\" href=\"https:\/\/pointseastcoastalinn.com\/fr\/testimonial\/jeanine-barone-forbes-magazine-october-30-2023\/\" aria-hidden=\"true\">\r\n                            <\/a>\r\n        <\/div>\r\n        <div class=\"rating\">\r\n            <span class=\"star\"><i class=\"fa fa-star\"><\/i><\/span><span class=\"star\"><i class=\"fa fa-star\"><\/i><\/span><span class=\"star\"><i class=\"fa fa-star\"><\/i><\/span><span class=\"star\"><i class=\"fa fa-star\"><\/i><\/span><span class=\"star\"><i class=\"fa fa-star\"><\/i><\/span>        <\/div>\r\n        <div class=\"entry-content\">\r\n            <p><span style=\"font-weight: 400;\">By far, the most atmospheric place to lay your head is the<\/span><a href=\"https:\/\/pointseastcoastalinn.com\/\"><span style=\"font-weight: 400;\">\u00a0Points East Coastal Inn<\/span><\/a><span style=\"font-weight: 400;\">, where a wide, inviting porch offers picture-perfect sunsets, and the owners readily cater to the needs of their guests, including cyclists and walkers. (You\u2019ll find a new bike shed complete with tools, an air pump, hand wipes, and much more.) Choose the second-floor St. Peters Suite where you can soak your sore muscles in the clawfoot tub with epsom salts. All the amenities make it difficult to leave this inn, including the exceptional breakfasts. (And if you can&rsquo;t finish the homemade raspberry muffins, they\u2019ll encourage you to pack it up to take on the road)<\/span><\/p>\n        <\/div><!-- .entry-content -->\r\n\t\t<header class=\"entry-header\">\r\n\t\t<h2 class=\"entry-title\"><a href=\"https:\/\/pointseastcoastalinn.com\/fr\/testimonial\/jeanine-barone-forbes-magazine-october-30-2023\/\" rel=\"bookmark\">&#8211; JEANINE BARONE (FORBES MAGAZINE, OCTOBER 30 2023)<\/a><\/h2>        <\/header><!-- .entry-header -->\r\n        <span class=\"testimonial-subtitle\">\r\n                    <\/span>\r\n\r\n    <\/div>\r\n<\/article><!-- #post-7269 -->\r\n\r\n<article id=\"post-5371\" class=\"post-5371 cptp-testimonial type-cptp-testimonial status-publish hentry\">\r\n    <div class=\"testimonial-wrapper\">\r\n        <div class=\"testimonial-thumbnail\">\r\n            <a class=\"post-thumbnail\" href=\"https:\/\/pointseastcoastalinn.com\/fr\/testimonial\/guests-from-brooklyn-ny\/\" aria-hidden=\"true\">\r\n                            <\/a>\r\n        <\/div>\r\n        <div class=\"rating\">\r\n            <span class=\"star\"><i class=\"fa fa-star\"><\/i><\/span><span class=\"star\"><i class=\"fa fa-star\"><\/i><\/span><span class=\"star\"><i class=\"fa fa-star\"><\/i><\/span><span class=\"star\"><i class=\"fa fa-star\"><\/i><\/span><span class=\"star\"><i class=\"fa fa-star\"><\/i><\/span>        <\/div>\r\n        <div class=\"entry-content\">\r\n            <p>&lsquo;Not to be missed&rsquo;.\u00a0 The Inn is perfect.\u00a0 The hosts are better.\u00a0 Rodger &amp; Sarah are kind and informative and great cooks.\u00a0 The spaces to lounge in are perfect, like you are in a dream &#8211; and the rooms are spacious and well appointed.\u00a0 You will not be disappointed.\u00a0 Get the Eggs Benedict and save room for Sarah&rsquo;s muffins!<\/p>\n<p>June, 2023<\/p>\n        <\/div><!-- .entry-content -->\r\n\t\t<header class=\"entry-header\">\r\n\t\t<h2 class=\"entry-title\"><a href=\"https:\/\/pointseastcoastalinn.com\/fr\/testimonial\/guests-from-brooklyn-ny\/\" rel=\"bookmark\">-guests from Brooklyn, NY<\/a><\/h2>        <\/header><!-- .entry-header -->\r\n        <span class=\"testimonial-subtitle\">\r\n                    <\/span>\r\n\r\n    <\/div>\r\n<\/article><!-- #post-5371 -->\r\n\r\n<article id=\"post-5369\" class=\"post-5369 cptp-testimonial type-cptp-testimonial status-publish hentry\">\r\n    <div class=\"testimonial-wrapper\">\r\n        <div class=\"testimonial-thumbnail\">\r\n            <a class=\"post-thumbnail\" href=\"https:\/\/pointseastcoastalinn.com\/fr\/testimonial\/gail-r-2023\/\" aria-hidden=\"true\">\r\n                            <\/a>\r\n        <\/div>\r\n        <div class=\"rating\">\r\n            <span class=\"star\"><i class=\"fa fa-star\"><\/i><\/span><span class=\"star\"><i class=\"fa fa-star\"><\/i><\/span><span class=\"star\"><i class=\"fa fa-star\"><\/i><\/span><span class=\"star\"><i class=\"fa fa-star\"><\/i><\/span><span class=\"star\"><i class=\"fa fa-star\"><\/i><\/span>        <\/div>\r\n        <div class=\"entry-content\">\r\n            <p>Can&rsquo;t say enough about this place.\u00a0 Super accommodating to cyclists and dietary needs.\u00a0 Made us feel special in every way and the best place we stayed on this friendly Island.\u00a0 Not to be missed!<\/p>\n<p>Gail R.<\/p>\n        <\/div><!-- .entry-content -->\r\n\t\t<header class=\"entry-header\">\r\n\t\t<h2 class=\"entry-title\"><a href=\"https:\/\/pointseastcoastalinn.com\/fr\/testimonial\/gail-r-2023\/\" rel=\"bookmark\">Gail R, 2023<\/a><\/h2>        <\/header><!-- .entry-header -->\r\n        <span class=\"testimonial-subtitle\">\r\n                    <\/span>\r\n\r\n    <\/div>\r\n<\/article><!-- #post-5369 -->\r\n            <\/div>\r\n            \t\t\t\t<\/div>\n\t\t\t\t<\/div>\n\t\t\t\t\t<\/div>\n\t\t\t\t<\/div>\n\t\t\t\t<\/div>\n\t\t","protected":false},"excerpt":{"rendered":"<p>\u00c0 propos de notre maison La maison a \u00e9t\u00e9 construite dans les ann\u00e9es 1870 pour John P. Sullivan, un \u00e9minent marchand et agriculteur du village de St. Peters Bay. Il se caract\u00e9rise comme \u00e9tant influenc\u00e9 par les styles architecturaux du Second Empire, notamment le toit mansard\u00e9 dominant avec des lucarnes. En 1915, la maison est [&hellip;]<\/p>\n","protected":false},"author":78,"featured_media":0,"parent":0,"menu_order":0,"comment_status":"closed","ping_status":"closed","template":"template-no-sidebar.php","meta":{"inline_featured_image":false,"footnotes":""},"class_list":["post-5230","page","type-page","status-publish","hentry"],"_links":{"self":[{"href":"https:\/\/pointseastcoastalinn.com\/fr\/wp-json\/wp\/v2\/pages\/5230","targetHints":{"allow":["GET"]}}],"collection":[{"href":"https:\/\/pointseastcoastalinn.com\/fr\/wp-json\/wp\/v2\/pages"}],"about":[{"href":"https:\/\/pointseastcoastalinn.com\/fr\/wp-json\/wp\/v2\/types\/page"}],"author":[{"embeddable":true,"href":"https:\/\/pointseastcoastalinn.com\/fr\/wp-json\/wp\/v2\/users\/78"}],"replies":[{"embeddable":true,"href":"https:\/\/pointseastcoastalinn.com\/fr\/wp-json\/wp\/v2\/comments?post=5230"}],"version-history":[{"count":8,"href":"https:\/\/pointseastcoastalinn.com\/fr\/wp-json\/wp\/v2\/pages\/5230\/revisions"}],"predecessor-version":[{"id":7170,"href":"https:\/\/pointseastcoastalinn.com\/fr\/wp-json\/wp\/v2\/pages\/5230\/revisions\/7170"}],"wp:attachment":[{"href":"https:\/\/pointseastcoastalinn.com\/fr\/wp-json\/wp\/v2\/media?parent=5230"}],"curies":[{"name":"wp","href":"https:\/\/api.w.org\/{rel}","templated":true}]}}