{"id":5224,"date":"2023-01-29T15:55:23","date_gmt":"2023-01-29T19:55:23","guid":{"rendered":"https:\/\/pointseastcoastalinn.com\/politique-de-depot-remboursement\/"},"modified":"2024-12-23T16:01:04","modified_gmt":"2024-12-23T20:01:04","slug":"politique-de-depot-remboursement","status":"publish","type":"page","link":"https:\/\/pointseastcoastalinn.com\/fr\/politique-de-depot-remboursement\/","title":{"rendered":"Politique de d\u00e9p\u00f4t\/remboursement"},"content":{"rendered":"\t\t<div data-elementor-type=\"wp-page\" data-elementor-id=\"5224\" class=\"elementor elementor-5224 elementor-2446\">\n\t\t\t\t<div class=\"elementor-element elementor-element-c58c51b e-flex e-con-boxed e-con e-parent\" data-id=\"c58c51b\" data-element_type=\"container\" data-e-type=\"container\">\n\t\t\t\t\t<div class=\"e-con-inner\">\n\t\t\t\t<div class=\"elementor-element elementor-element-50970f7 elementor-widget elementor-widget-heading\" data-id=\"50970f7\" data-element_type=\"widget\" data-e-type=\"widget\" data-widget_type=\"heading.default\">\n\t\t\t\t<div class=\"elementor-widget-container\">\n\t\t\t\t\t<h2 class=\"elementor-heading-title elementor-size-default\">Quelques d\u00e9tails importants<\/h2>\t\t\t\t<\/div>\n\t\t\t\t<\/div>\n\t\t\t\t<div class=\"elementor-element elementor-element-3e72456 elementor-widget elementor-widget-text-editor\" data-id=\"3e72456\" data-element_type=\"widget\" data-e-type=\"widget\" data-widget_type=\"text-editor.default\">\n\t\t\t\t<div class=\"elementor-widget-container\">\n\t\t\t\t\t\t\t\t\t<ul>\n<li>Une carte de cr\u00e9dit est requise au moment de la r\u00e9servation pour conserver votre r\u00e9servation.<\/li>\n\n<li><span data-olk-copy-source=\"MessageBody\">Pour toute r\u00e9servation, un acompte de 30 % est demand\u00e9.<\/span><\/li>\n\n<li>En cas d&rsquo;annulation effectu\u00e9e \u00e0 tout moment et jusqu&rsquo;\u00e0 7 jours avant la date d&rsquo;arriv\u00e9e pr\u00e9vue, le d\u00e9p\u00f4t sera perdu, \u00e0 moins que nous puissions r\u00e9server \u00e0 nouveau votre (vos) nuit(s).<\/li>\n\n<li>\n<div dir=\"auto\" data-olk-copy-source=\"MessageBody\">Les annulations effectu\u00e9es moins de 7 jours avant la date d&rsquo;arriv\u00e9e et les non-pr\u00e9sentations seront factur\u00e9es pour la totalit\u00e9 du s\u00e9jour r\u00e9serv\u00e9. Dans tous les cas d\u2019annulation, nous tenterons de r\u00e9server \u00e0 nouveau et, en cas de succ\u00e8s, vous rembourserons votre d\u00e9p\u00f4t (moins les frais de traitement Square). Dans tous les cas d&rsquo;annulation, nous essaierons d&rsquo;effectuer une nouvelle r\u00e9servation et, si nous y parvenons, nous vous rembourserons votre acompte (moins les \u00e9ventuels frais de traitement).<\/div>\n<\/li>\n<li>\n<div dir=\"auto\" data-olk-copy-source=\"MessageBody\">Les tarifs des chambres sont sujets aux taxes applicables (15% \u00ce.-P.-\u00c9.).<\/div>\n<br><\/li>\n<\/ul>\t\t\t\t\t\t\t\t<\/div>\n\t\t\t\t<\/div>\n\t\t\t\t<div class=\"elementor-element elementor-element-80d5b73 elementor-widget elementor-widget-text-editor\" data-id=\"80d5b73\" data-element_type=\"widget\" data-e-type=\"widget\" data-widget_type=\"text-editor.default\">\n\t\t\t\t<div class=\"elementor-widget-container\">\n\t\t\t\t\t\t\t\t\t<p><em><strong>Nous vous remercions de votre compr\u00e9hension &#8211; nous sommes une petite entreprise et nos nuit\u00e9es sont notre gagne-pain.<\/strong><\/em><\/p>\n\t\t\t\t\t\t\t\t<\/div>\n\t\t\t\t<\/div>\n\t\t<div class=\"elementor-element elementor-element-4469ecc e-flex e-con-boxed e-con e-child\" data-id=\"4469ecc\" data-element_type=\"container\" data-e-type=\"container\" data-settings=\"{&quot;background_background&quot;:&quot;classic&quot;}\">\n\t\t\t\t\t<div class=\"e-con-inner\">\n\t\t\t\t<div class=\"elementor-element elementor-element-1f45e5d elementor-widget elementor-widget-heading\" data-id=\"1f45e5d\" data-element_type=\"widget\" data-e-type=\"widget\" data-widget_type=\"heading.default\">\n\t\t\t\t<div class=\"elementor-widget-container\">\n\t\t\t\t\t<h4 class=\"elementor-heading-title elementor-size-default\">Phare de Saint-Pierre avec la lune en arri\u00e8re-plan<\/h4>\t\t\t\t<\/div>\n\t\t\t\t<\/div>\n\t\t\t\t\t<\/div>\n\t\t\t\t<\/div>\n\t\t\t\t\t<\/div>\n\t\t\t\t<\/div>\n\t\t\t\t<\/div>\n\t\t","protected":false},"excerpt":{"rendered":"<p>Quelques d\u00e9tails importants Une carte de cr\u00e9dit est requise au moment de la r\u00e9servation pour conserver votre r\u00e9servation. Pour toute r\u00e9servation, un acompte de 30 % est demand\u00e9. En cas d&rsquo;annulation effectu\u00e9e \u00e0 tout moment et jusqu&rsquo;\u00e0 7 jours avant la date d&rsquo;arriv\u00e9e pr\u00e9vue, le d\u00e9p\u00f4t sera perdu, \u00e0 moins que nous puissions r\u00e9server \u00e0 [&hellip;]<\/p>\n","protected":false},"author":78,"featured_media":0,"parent":0,"menu_order":0,"comment_status":"closed","ping_status":"closed","template":"","meta":{"inline_featured_image":false,"footnotes":""},"class_list":["post-5224","page","type-page","status-publish","hentry"],"_links":{"self":[{"href":"https:\/\/pointseastcoastalinn.com\/fr\/wp-json\/wp\/v2\/pages\/5224","targetHints":{"allow":["GET"]}}],"collection":[{"href":"https:\/\/pointseastcoastalinn.com\/fr\/wp-json\/wp\/v2\/pages"}],"about":[{"href":"https:\/\/pointseastcoastalinn.com\/fr\/wp-json\/wp\/v2\/types\/page"}],"author":[{"embeddable":true,"href":"https:\/\/pointseastcoastalinn.com\/fr\/wp-json\/wp\/v2\/users\/78"}],"replies":[{"embeddable":true,"href":"https:\/\/pointseastcoastalinn.com\/fr\/wp-json\/wp\/v2\/comments?post=5224"}],"version-history":[{"count":2,"href":"https:\/\/pointseastcoastalinn.com\/fr\/wp-json\/wp\/v2\/pages\/5224\/revisions"}],"predecessor-version":[{"id":6944,"href":"https:\/\/pointseastcoastalinn.com\/fr\/wp-json\/wp\/v2\/pages\/5224\/revisions\/6944"}],"wp:attachment":[{"href":"https:\/\/pointseastcoastalinn.com\/fr\/wp-json\/wp\/v2\/media?parent=5224"}],"curies":[{"name":"wp","href":"https:\/\/api.w.org\/{rel}","templated":true}]}}